{"id":370,"date":"2026-03-20T13:27:37","date_gmt":"2026-03-20T16:27:37","guid":{"rendered":"https:\/\/idsltda.uy\/?page_id=370"},"modified":"2026-04-01T12:31:27","modified_gmt":"2026-04-01T15:31:27","slug":"retail","status":"publish","type":"page","link":"https:\/\/idsltda.uy\/index.php\/retail","title":{"rendered":"Retail"},"content":{"rendered":"\t\t<div data-elementor-type=\"wp-page\" data-elementor-id=\"370\" class=\"elementor elementor-370\">\n\t\t\t\t<div class=\"elementor-element elementor-element-7c61342 e-flex e-con-boxed elementor-invisible e-con e-parent\" data-id=\"7c61342\" data-element_type=\"container\" data-e-type=\"container\" data-settings=\"{&quot;background_background&quot;:&quot;classic&quot;,&quot;animation&quot;:&quot;slideInUp&quot;}\">\n\t\t\t\t\t<div class=\"e-con-inner\">\n\t\t\t\t<div class=\"elementor-element elementor-element-e5405c6 elementor-invisible elementor-widget elementor-widget-heading\" data-id=\"e5405c6\" data-element_type=\"widget\" data-e-type=\"widget\" data-settings=\"{&quot;_animation&quot;:&quot;slideInDown&quot;}\" data-widget_type=\"heading.default\">\n\t\t\t\t\t<h1 class=\"elementor-heading-title elementor-size-default\"><span>Tecnolog\u00eda para conectar operaciones, personas y puntos de venta<\/span><\/h1>\t\t\t\t<\/div>\n\t\t\t\t\t<\/div>\n\t\t\t\t<\/div>\n\t\t<div class=\"elementor-element elementor-element-83c40a7 e-flex e-con-boxed elementor-invisible e-con e-parent\" data-id=\"83c40a7\" data-element_type=\"container\" data-e-type=\"container\" data-settings=\"{&quot;background_background&quot;:&quot;classic&quot;,&quot;animation&quot;:&quot;slideInUp&quot;}\">\n\t\t\t\t\t<div class=\"e-con-inner\">\n\t\t\t\t<div class=\"elementor-element elementor-element-3a57c95 elementor-invisible elementor-widget elementor-widget-heading\" data-id=\"3a57c95\" data-element_type=\"widget\" data-e-type=\"widget\" data-settings=\"{&quot;_animation&quot;:&quot;slideInDown&quot;}\" data-widget_type=\"heading.default\">\n\t\t\t\t\t<h1 class=\"elementor-heading-title elementor-size-default\">Ayudamos a las cadenas de retail,tiendas f\u00edsicas y operaciones ecommerce con soluciones tecnol\u00f3gicas que aseguras rendimiento, eficiencia y control, desde la operaci\u00f3n interna hasta el punto de venta.<\/h1>\t\t\t\t<\/div>\n\t\t\t\t\t<\/div>\n\t\t\t\t<\/div>\n\t\t<div class=\"elementor-element elementor-element-58f20ec e-flex e-con-boxed elementor-invisible e-con e-parent\" data-id=\"58f20ec\" data-element_type=\"container\" data-e-type=\"container\" data-settings=\"{&quot;animation&quot;:&quot;slideInUp&quot;}\">\n\t\t\t\t\t<div class=\"e-con-inner\">\n\t\t<div class=\"elementor-element elementor-element-bb69ad8 e-con-full e-flex e-con e-child\" data-id=\"bb69ad8\" data-element_type=\"container\" data-e-type=\"container\">\n\t\t\t\t<div class=\"elementor-element elementor-element-698fbfe elementor-widget elementor-widget-image\" data-id=\"698fbfe\" data-element_type=\"widget\" data-e-type=\"widget\" data-widget_type=\"image.default\">\n\t\t\t\t\t\t\t\t\t\t\t\t\t\t\t<img fetchpriority=\"high\" decoding=\"async\" width=\"640\" height=\"427\" src=\"https:\/\/idsltda.uy\/wp-content\/uploads\/2026\/03\/pexels-demiansmit-449559-scaled.jpg\" class=\"attachment-large size-large wp-image-240\" alt=\"\" \/>\t\t\t\t\t\t\t\t\t\t\t\t\t\t\t<\/div>\n\t\t\t\t<\/div>\n\t\t<div class=\"elementor-element elementor-element-8e903ff e-con-full e-flex e-con e-child\" data-id=\"8e903ff\" data-element_type=\"container\" data-e-type=\"container\">\n\t\t\t\t<div class=\"elementor-element elementor-element-76b1d85 elementor-widget elementor-widget-heading\" data-id=\"76b1d85\" data-element_type=\"widget\" data-e-type=\"widget\" data-widget_type=\"heading.default\">\n\t\t\t\t\t<h3 class=\"elementor-heading-title elementor-size-default\">\u00bfC\u00f3mo las impulsamos?<\/h3>\t\t\t\t<\/div>\n\t\t<div class=\"elementor-element elementor-element-063636b e-con-full e-flex e-con e-child\" data-id=\"063636b\" data-element_type=\"container\" data-e-type=\"container\">\n\t\t\t\t<div class=\"elementor-element elementor-element-4ee55b4 elementor-widget elementor-widget-techwix-accordion\" data-id=\"4ee55b4\" data-element_type=\"widget\" data-e-type=\"widget\" data-widget_type=\"techwix-accordion.default\">\n\t\t\t\t<div class=\"elementor-widget-container\">\n\t\t\t\t\t<div class=\"accordion\" data-settings=\"{&quot;accordion_id&quot;:&quot;4ee55b4&quot;}\" data-close-all=\"true\" data-open-item=\"0\"><div class=\"single_accordion techwix-icon-align-right\"><div class=\"techwix-accordion-header techwix-accordion-header4ee55b4\"><h4 class=\"accordion-title\" >Infraestructura robutsta y escalable<\/h4><span class=\"accordion-icon icon-right\"><\/span><\/div><div class=\"accordion-body accordion-body4ee55b4\"><div class=\"accordion-content\"><p>Para sucursales, centros de distribuci\u00f3n y tiendas. Soluciones listas para crecer sin interrupciones.<\/p><\/div><\/div><\/div><div class=\"single_accordion techwix-icon-align-right\"><div class=\"techwix-accordion-header techwix-accordion-header4ee55b4\"><h4 class=\"accordion-title\" >isualizacion y respaldo de sistemas<\/h4><span class=\"accordion-icon icon-right\"><\/span><\/div><div class=\"accordion-body accordion-body4ee55b4\"><div class=\"accordion-content\"><p>ERP, POS y CRM siempre disponibles gracias a copias de seguridad y entornos virtuales seguros.<\/p><\/div><\/div><\/div><div class=\"single_accordion techwix-icon-align-right\"><div class=\"techwix-accordion-header techwix-accordion-header4ee55b4\"><h4 class=\"accordion-title\" >Automatizaci\u00f3n de procesos operativos<\/h4><span class=\"accordion-icon icon-right\"><\/span><\/div><div class=\"accordion-body accordion-body4ee55b4\"><div class=\"accordion-content\"><p>Carga de pedidos, control de stock, precios y reportes gestionados sin intervenci\u00f3n manual.<\/p><\/div><\/div><\/div><div class=\"single_accordion techwix-icon-align-right\"><div class=\"techwix-accordion-header techwix-accordion-header4ee55b4\"><h4 class=\"accordion-title\" >Plataformas colaborativas para equipos<\/h4><span class=\"accordion-icon icon-right\"><\/span><\/div><div class=\"accordion-body accordion-body4ee55b4\"><div class=\"accordion-content\"><p>Comunicaci\u00f3n fluida entre tiendas y oficinias. Trabajo sincronizado desde cualquier dispositivo.<\/p><\/div><\/div><\/div><div class=\"single_accordion techwix-icon-align-right\"><div class=\"techwix-accordion-header techwix-accordion-header4ee55b4\"><h4 class=\"accordion-title\" >Control de acceso con biometr\u00eda<\/h4><span class=\"accordion-icon icon-right\"><\/span><\/div><div class=\"accordion-body accordion-body4ee55b4\"><div class=\"accordion-content\"><p>Identificaci\u00f3n segura del personal en centros log\u00edsticos, oficinas o tiendas f\u00edsicas.<\/p><\/div><\/div><\/div><div class=\"single_accordion techwix-icon-align-right\"><div class=\"techwix-accordion-header techwix-accordion-header4ee55b4\"><h4 class=\"accordion-title\" >Soporte IT 24\/7<\/h4><span class=\"accordion-icon icon-right\"><\/span><\/div><div class=\"accordion-body accordion-body4ee55b4\"><div class=\"accordion-content\"><p>Gesti\u00f3n proactiva para garantizar el funcionamiento cont\u00ednuo de todos los canales.<\/p><\/div><\/div><\/div><\/div>\t\t\t\t<\/div>\n\t\t\t\t<\/div>\n\t\t\t\t<\/div>\n\t\t\t\t<\/div>\n\t\t\t\t\t<\/div>\n\t\t\t\t<\/div>\n\t\t<div class=\"elementor-element elementor-element-fdf1440 e-flex e-con-boxed elementor-invisible e-con e-parent\" data-id=\"fdf1440\" data-element_type=\"container\" data-e-type=\"container\" data-settings=\"{&quot;animation&quot;:&quot;slideInUp&quot;}\">\n\t\t\t\t\t<div class=\"e-con-inner\">\n\t\t<div class=\"elementor-element elementor-element-7726488 e-con-full e-flex elementor-invisible e-con e-child\" data-id=\"7726488\" data-element_type=\"container\" data-e-type=\"container\" data-settings=\"{&quot;animation&quot;:&quot;slideInUp&quot;}\">\n\t\t\t\t<div class=\"elementor-element elementor-element-2f6e9f5 elementor-widget elementor-widget-heading\" data-id=\"2f6e9f5\" data-element_type=\"widget\" data-e-type=\"widget\" data-widget_type=\"heading.default\">\n\t\t\t\t\t<h3 class=\"elementor-heading-title elementor-size-default\">Beneficios<\/h3>\t\t\t\t<\/div>\n\t\t\t\t<div class=\"elementor-element elementor-element-9907d6b elementor-icon-list--layout-traditional elementor-list-item-link-full_width elementor-widget elementor-widget-icon-list\" data-id=\"9907d6b\" data-element_type=\"widget\" data-e-type=\"widget\" data-widget_type=\"icon-list.default\">\n\t\t\t\t\t\t\t<ul class=\"elementor-icon-list-items\">\n\t\t\t\t\t\t\t<li class=\"elementor-icon-list-item\">\n\t\t\t\t\t\t\t\t\t\t\t<span class=\"elementor-icon-list-icon\">\n\t\t\t\t\t\t\t<svg aria-hidden=\"true\" class=\"e-font-icon-svg e-fas-angle-right\" viewBox=\"0 0 256 512\" xmlns=\"http:\/\/www.w3.org\/2000\/svg\"><path d=\"M224.3 273l-136 136c-9.4 9.4-24.6 9.4-33.9 0l-22.6-22.6c-9.4-9.4-9.4-24.6 0-33.9l96.4-96.4-96.4-96.4c-9.4-9.4-9.4-24.6 0-33.9L54.3 103c9.4-9.4 24.6-9.4 33.9 0l136 136c9.5 9.4 9.5 24.6.1 34z\"><\/path><\/svg>\t\t\t\t\t\t<\/span>\n\t\t\t\t\t\t\t\t\t\t<span class=\"elementor-icon-list-text\">Operaciones conectadas y siempre disponibles, sin ca\u00eddas que afecten ventas.<\/span>\n\t\t\t\t\t\t\t\t\t<\/li>\n\t\t\t\t\t\t\t\t<li class=\"elementor-icon-list-item\">\n\t\t\t\t\t\t\t\t\t\t\t<span class=\"elementor-icon-list-icon\">\n\t\t\t\t\t\t\t<svg aria-hidden=\"true\" class=\"e-font-icon-svg e-fas-angle-right\" viewBox=\"0 0 256 512\" xmlns=\"http:\/\/www.w3.org\/2000\/svg\"><path d=\"M224.3 273l-136 136c-9.4 9.4-24.6 9.4-33.9 0l-22.6-22.6c-9.4-9.4-9.4-24.6 0-33.9l96.4-96.4-96.4-96.4c-9.4-9.4-9.4-24.6 0-33.9L54.3 103c9.4-9.4 24.6-9.4 33.9 0l136 136c9.5 9.4 9.5 24.6.1 34z\"><\/path><\/svg>\t\t\t\t\t\t<\/span>\n\t\t\t\t\t\t\t\t\t\t<span class=\"elementor-icon-list-text\">Reducci\u00f3n de errores y tareas manuales en administraci\u00f3n, finanzas y operaciones.<\/span>\n\t\t\t\t\t\t\t\t\t<\/li>\n\t\t\t\t\t\t\t\t<li class=\"elementor-icon-list-item\">\n\t\t\t\t\t\t\t\t\t\t\t<span class=\"elementor-icon-list-icon\">\n\t\t\t\t\t\t\t<svg aria-hidden=\"true\" class=\"e-font-icon-svg e-fas-angle-right\" viewBox=\"0 0 256 512\" xmlns=\"http:\/\/www.w3.org\/2000\/svg\"><path d=\"M224.3 273l-136 136c-9.4 9.4-24.6 9.4-33.9 0l-22.6-22.6c-9.4-9.4-9.4-24.6 0-33.9l96.4-96.4-96.4-96.4c-9.4-9.4-9.4-24.6 0-33.9L54.3 103c9.4-9.4 24.6-9.4 33.9 0l136 136c9.5 9.4 9.5 24.6.1 34z\"><\/path><\/svg>\t\t\t\t\t\t<\/span>\n\t\t\t\t\t\t\t\t\t\t<span class=\"elementor-icon-list-text\">Mejor coordinaci\u00f3n entre equipos remotos, tiendas y dep\u00f3sitos<\/span>\n\t\t\t\t\t\t\t\t\t<\/li>\n\t\t\t\t\t\t\t\t<li class=\"elementor-icon-list-item\">\n\t\t\t\t\t\t\t\t\t\t\t<span class=\"elementor-icon-list-icon\">\n\t\t\t\t\t\t\t<svg aria-hidden=\"true\" class=\"e-font-icon-svg e-fas-angle-right\" viewBox=\"0 0 256 512\" xmlns=\"http:\/\/www.w3.org\/2000\/svg\"><path d=\"M224.3 273l-136 136c-9.4 9.4-24.6 9.4-33.9 0l-22.6-22.6c-9.4-9.4-9.4-24.6 0-33.9l96.4-96.4-96.4-96.4c-9.4-9.4-9.4-24.6 0-33.9L54.3 103c9.4-9.4 24.6-9.4 33.9 0l136 136c9.5 9.4 9.5 24.6.1 34z\"><\/path><\/svg>\t\t\t\t\t\t<\/span>\n\t\t\t\t\t\t\t\t\t\t<span class=\"elementor-icon-list-text\">Mayor seguridad en acceso y control de personal.<\/span>\n\t\t\t\t\t\t\t\t\t<\/li>\n\t\t\t\t\t\t\t\t<li class=\"elementor-icon-list-item\">\n\t\t\t\t\t\t\t\t\t\t\t<span class=\"elementor-icon-list-icon\">\n\t\t\t\t\t\t\t<svg aria-hidden=\"true\" class=\"e-font-icon-svg e-fas-angle-right\" viewBox=\"0 0 256 512\" xmlns=\"http:\/\/www.w3.org\/2000\/svg\"><path d=\"M224.3 273l-136 136c-9.4 9.4-24.6 9.4-33.9 0l-22.6-22.6c-9.4-9.4-9.4-24.6 0-33.9l96.4-96.4-96.4-96.4c-9.4-9.4-9.4-24.6 0-33.9L54.3 103c9.4-9.4 24.6-9.4 33.9 0l136 136c9.5 9.4 9.5 24.6.1 34z\"><\/path><\/svg>\t\t\t\t\t\t<\/span>\n\t\t\t\t\t\t\t\t\t\t<span class=\"elementor-icon-list-text\">Escalabilidad r\u00e1pida ante apertura de nuevas tiendas o expansi\u00f3n digital.<\/span>\n\t\t\t\t\t\t\t\t\t<\/li>\n\t\t\t\t\t\t\t\t<li class=\"elementor-icon-list-item\">\n\t\t\t\t\t\t\t\t\t\t\t<span class=\"elementor-icon-list-icon\">\n\t\t\t\t\t\t\t<svg aria-hidden=\"true\" class=\"e-font-icon-svg e-fas-angle-right\" viewBox=\"0 0 256 512\" xmlns=\"http:\/\/www.w3.org\/2000\/svg\"><path d=\"M224.3 273l-136 136c-9.4 9.4-24.6 9.4-33.9 0l-22.6-22.6c-9.4-9.4-9.4-24.6 0-33.9l96.4-96.4-96.4-96.4c-9.4-9.4-9.4-24.6 0-33.9L54.3 103c9.4-9.4 24.6-9.4 33.9 0l136 136c9.5 9.4 9.5 24.6.1 34z\"><\/path><\/svg>\t\t\t\t\t\t<\/span>\n\t\t\t\t\t\t\t\t\t\t<span class=\"elementor-icon-list-text\">Atenci\u00f3n al cliente m\u00e1s \u00e1gil y eficiente con soporte tecnol\u00f3gico que acompa\u00f1a.<\/span>\n\t\t\t\t\t\t\t\t\t<\/li>\n\t\t\t\t\t\t<\/ul>\n\t\t\t\t\t\t<\/div>\n\t\t\t\t<\/div>\n\t\t<div class=\"elementor-element elementor-element-90e4463 e-con-full e-flex e-con e-child\" data-id=\"90e4463\" data-element_type=\"container\" data-e-type=\"container\">\n\t\t\t\t<div class=\"elementor-element elementor-element-c88a551 elementor-widget elementor-widget-image\" data-id=\"c88a551\" data-element_type=\"widget\" data-e-type=\"widget\" data-widget_type=\"image.default\">\n\t\t\t\t\t\t\t\t\t\t\t\t\t\t\t<img decoding=\"async\" width=\"640\" height=\"962\" src=\"https:\/\/idsltda.uy\/wp-content\/uploads\/2026\/03\/pexels-pixabay-264512-scaled.jpg\" class=\"attachment-large size-large wp-image-239\" alt=\"\" \/>\t\t\t\t\t\t\t\t\t\t\t\t\t\t\t<\/div>\n\t\t\t\t<\/div>\n\t\t\t\t\t<\/div>\n\t\t\t\t<\/div>\n\t\t<div class=\"elementor-element elementor-element-bd074cc e-flex e-con-boxed e-con e-parent\" data-id=\"bd074cc\" data-element_type=\"container\" data-e-type=\"container\">\n\t\t\t\t\t<div class=\"e-con-inner\">\n\t\t<div class=\"elementor-element elementor-element-d026565 e-con-full e-flex e-con e-child\" data-id=\"d026565\" data-element_type=\"container\" data-e-type=\"container\" data-settings=\"{&quot;background_background&quot;:&quot;gradient&quot;}\">\n\t\t<div class=\"elementor-element elementor-element-ab40574 e-con-full e-flex e-con e-child\" data-id=\"ab40574\" data-element_type=\"container\" data-e-type=\"container\" data-settings=\"{&quot;background_background&quot;:&quot;gradient&quot;}\">\n\t\t<div class=\"elementor-element elementor-element-c1c891f e-con-full e-flex elementor-invisible e-con e-child\" data-id=\"c1c891f\" data-element_type=\"container\" data-e-type=\"container\" data-settings=\"{&quot;background_background&quot;:&quot;classic&quot;,&quot;animation&quot;:&quot;slideInUp&quot;}\">\n\t\t\t\t<div class=\"elementor-element elementor-element-543fc9a elementor-widget elementor-widget-image\" data-id=\"543fc9a\" data-element_type=\"widget\" data-e-type=\"widget\" data-widget_type=\"image.default\">\n\t\t\t\t\t\t\t\t\t\t\t\t\t\t\t<img decoding=\"async\" width=\"49\" height=\"49\" src=\"https:\/\/idsltda.uy\/wp-content\/uploads\/2026\/03\/headset_mic_49dp_FFFFFF_FILL0_wght400_GRAD0_opsz48.png\" class=\"attachment-full size-full wp-image-278\" alt=\"\" \/>\t\t\t\t\t\t\t\t\t\t\t\t\t\t\t<\/div>\n\t\t\t\t<\/div>\n\t\t<div class=\"elementor-element elementor-element-52653df e-con-full e-flex e-con e-child\" data-id=\"52653df\" data-element_type=\"container\" data-e-type=\"container\">\n\t\t\t\t<div class=\"elementor-element elementor-element-db9dab4 elementor-invisible elementor-widget elementor-widget-custom-title-addons\" data-id=\"db9dab4\" data-element_type=\"widget\" data-e-type=\"widget\" data-settings=\"{&quot;_animation&quot;:&quot;slideInUp&quot;}\" data-widget_type=\"custom-title-addons.default\">\n\t\t\t\t<div class=\"elementor-widget-container\">\n\t\t\t\t\t<div class=\"tpc-double_heading\"><h3 class=\"dbl__title-wrapper\"><span class=\"dbl__title dbl-title_1\">Quiero hablar con un especialista<\/span><\/h3><\/div>\t\t\t\t<\/div>\n\t\t\t\t<\/div>\n\t\t\t\t<\/div>\n\t\t<div class=\"elementor-element elementor-element-0140f0f e-con-full e-flex e-con e-child\" data-id=\"0140f0f\" data-element_type=\"container\" data-e-type=\"container\">\n\t\t\t\t<div class=\"elementor-element elementor-element-7a86975 elementor-invisible elementor-widget elementor-widget-techwix-button\" data-id=\"7a86975\" data-element_type=\"widget\" data-e-type=\"widget\" data-settings=\"{&quot;_animation&quot;:&quot;slideInUp&quot;}\" data-widget_type=\"techwix-button.default\">\n\t\t\t\t<div class=\"elementor-widget-container\">\n\t\t\t\t\t<div class=\"techwix-button-widget-wrapper\"><a class=\"techwix-btn techwix-btn-size-custom style-1\" href=\"\/index.php\/contacto\">Hablemos<\/a><\/div>\t\t\t\t<\/div>\n\t\t\t\t<\/div>\n\t\t\t\t<\/div>\n\t\t\t\t<\/div>\n\t\t\t\t<\/div>\n\t\t\t\t\t<\/div>\n\t\t\t\t<\/div>\n\t\t\t\t<\/div>\n\t\t","protected":false},"excerpt":{"rendered":"<p>Tecnolog\u00eda para conectar operaciones, personas y puntos de venta Ayudamos a las cadenas de retail,tiendas f\u00edsicas y operaciones ecommerce con soluciones tecnol\u00f3gicas que aseguras rendimiento, eficiencia y control, desde la operaci\u00f3n interna hasta el punto de venta. \u00bfC\u00f3mo las impulsamos? Infraestructura robutsta y escalable Para sucursales, centros de distribuci\u00f3n y tiendas. Soluciones listas para crecer&#8230;<\/p>\n","protected":false},"author":1,"featured_media":0,"parent":0,"menu_order":0,"comment_status":"closed","ping_status":"closed","template":"","meta":{"footnotes":""},"class_list":["post-370","page","type-page","status-publish","hentry"],"_links":{"self":[{"href":"https:\/\/idsltda.uy\/index.php\/wp-json\/wp\/v2\/pages\/370","targetHints":{"allow":["GET"]}}],"collection":[{"href":"https:\/\/idsltda.uy\/index.php\/wp-json\/wp\/v2\/pages"}],"about":[{"href":"https:\/\/idsltda.uy\/index.php\/wp-json\/wp\/v2\/types\/page"}],"author":[{"embeddable":true,"href":"https:\/\/idsltda.uy\/index.php\/wp-json\/wp\/v2\/users\/1"}],"replies":[{"embeddable":true,"href":"https:\/\/idsltda.uy\/index.php\/wp-json\/wp\/v2\/comments?post=370"}],"version-history":[{"count":12,"href":"https:\/\/idsltda.uy\/index.php\/wp-json\/wp\/v2\/pages\/370\/revisions"}],"predecessor-version":[{"id":530,"href":"https:\/\/idsltda.uy\/index.php\/wp-json\/wp\/v2\/pages\/370\/revisions\/530"}],"wp:attachment":[{"href":"https:\/\/idsltda.uy\/index.php\/wp-json\/wp\/v2\/media?parent=370"}],"curies":[{"name":"wp","href":"https:\/\/api.w.org\/{rel}","templated":true}]}}