{"id":342,"date":"2026-03-20T12:20:03","date_gmt":"2026-03-20T15:20:03","guid":{"rendered":"https:\/\/idsltda.uy\/?page_id=342"},"modified":"2026-04-01T12:19:47","modified_gmt":"2026-04-01T15:19:47","slug":"gobierno","status":"publish","type":"page","link":"https:\/\/idsltda.uy\/index.php\/gobierno","title":{"rendered":"Gobierno"},"content":{"rendered":"\t\t<div data-elementor-type=\"wp-page\" data-elementor-id=\"342\" class=\"elementor elementor-342\">\n\t\t\t\t<div class=\"elementor-element elementor-element-7c61342 e-flex e-con-boxed elementor-invisible e-con e-parent\" data-id=\"7c61342\" data-element_type=\"container\" data-e-type=\"container\" data-settings=\"{&quot;background_background&quot;:&quot;classic&quot;,&quot;animation&quot;:&quot;slideInUp&quot;}\">\n\t\t\t\t\t<div class=\"e-con-inner\">\n\t\t\t\t<div class=\"elementor-element elementor-element-e5405c6 elementor-invisible elementor-widget elementor-widget-heading\" data-id=\"e5405c6\" data-element_type=\"widget\" data-e-type=\"widget\" data-settings=\"{&quot;_animation&quot;:&quot;slideInDown&quot;}\" data-widget_type=\"heading.default\">\n\t\t\t\t\t<h1 class=\"elementor-heading-title elementor-size-default\"><span>Infraestructura moderna y servicios digitales para el sector p\u00fablico.<\/span><\/h1>\t\t\t\t<\/div>\n\t\t\t\t\t<\/div>\n\t\t\t\t<\/div>\n\t\t<div class=\"elementor-element elementor-element-83c40a7 e-flex e-con-boxed elementor-invisible e-con e-parent\" data-id=\"83c40a7\" data-element_type=\"container\" data-e-type=\"container\" data-settings=\"{&quot;background_background&quot;:&quot;classic&quot;,&quot;animation&quot;:&quot;slideInUp&quot;}\">\n\t\t\t\t\t<div class=\"e-con-inner\">\n\t\t\t\t<div class=\"elementor-element elementor-element-3a57c95 elementor-invisible elementor-widget elementor-widget-heading\" data-id=\"3a57c95\" data-element_type=\"widget\" data-e-type=\"widget\" data-settings=\"{&quot;_animation&quot;:&quot;slideInDown&quot;}\" data-widget_type=\"heading.default\">\n\t\t\t\t\t<h1 class=\"elementor-heading-title elementor-size-default\">Brindamos soluciones que permiten a las instiruciones p\u00fablicas mejorar sus procesos internos, modernizar sus plataformas y ofrecer servicios m\u00e1s accesibles y seguros a los cuidadanos.<\/h1>\t\t\t\t<\/div>\n\t\t\t\t\t<\/div>\n\t\t\t\t<\/div>\n\t\t<div class=\"elementor-element elementor-element-58f20ec e-flex e-con-boxed elementor-invisible e-con e-parent\" data-id=\"58f20ec\" data-element_type=\"container\" data-e-type=\"container\" data-settings=\"{&quot;animation&quot;:&quot;slideInUp&quot;}\">\n\t\t\t\t\t<div class=\"e-con-inner\">\n\t\t<div class=\"elementor-element elementor-element-8e903ff e-con-full e-flex e-con e-child\" data-id=\"8e903ff\" data-element_type=\"container\" data-e-type=\"container\">\n\t\t\t\t<div class=\"elementor-element elementor-element-76b1d85 elementor-widget elementor-widget-heading\" data-id=\"76b1d85\" data-element_type=\"widget\" data-e-type=\"widget\" data-widget_type=\"heading.default\">\n\t\t\t\t\t<h3 class=\"elementor-heading-title elementor-size-default\">\u00bfQu\u00e9 ofrecemos?<\/h3>\t\t\t\t<\/div>\n\t\t<div class=\"elementor-element elementor-element-063636b e-con-full e-flex e-con e-child\" data-id=\"063636b\" data-element_type=\"container\" data-e-type=\"container\">\n\t\t\t\t<div class=\"elementor-element elementor-element-4ee55b4 elementor-widget elementor-widget-techwix-accordion\" data-id=\"4ee55b4\" data-element_type=\"widget\" data-e-type=\"widget\" data-widget_type=\"techwix-accordion.default\">\n\t\t\t\t<div class=\"elementor-widget-container\">\n\t\t\t\t\t<div class=\"accordion\" data-settings=\"{&quot;accordion_id&quot;:&quot;4ee55b4&quot;}\" data-close-all=\"false\" data-open-item=\"0\"><div class=\"single_accordion techwix-icon-align-right\"><div class=\"techwix-accordion-header techwix-accordion-header4ee55b4\"><h4 class=\"accordion-title\" >Infraestructura para organismos p\u00fablicos<\/h4><span class=\"accordion-icon icon-right\"><\/span><\/div><div class=\"accordion-body accordion-body4ee55b4\"><div class=\"accordion-content\"><p>Servidores, estaciones de trabajos y redes preparados para entornos cr\u00edticos, con soporte local y continuidad operativa.<\/p><\/div><\/div><\/div><div class=\"single_accordion techwix-icon-align-right\"><div class=\"techwix-accordion-header techwix-accordion-header4ee55b4\"><h4 class=\"accordion-title\" >Serviocios gestionados de IT<\/h4><span class=\"accordion-icon icon-right\"><\/span><\/div><div class=\"accordion-body accordion-body4ee55b4\"><div class=\"accordion-content\"><p>Soporte t\u00e9cnico integral, mantenimiento y monitorio para asegurar el funcionamiento estable de sistemas y portales.<\/p><\/div><\/div><\/div><div class=\"single_accordion techwix-icon-align-right\"><div class=\"techwix-accordion-header techwix-accordion-header4ee55b4\"><h4 class=\"accordion-title\" >automatizaci\u00f3n de procesos administrativos<\/h4><span class=\"accordion-icon icon-right\"><\/span><\/div><div class=\"accordion-body accordion-body4ee55b4\"><div class=\"accordion-content\"><p>Bot que optimizan la gesti\u00f3n de expedientes, registros, licencias, pagos y tareas repetitivas entre organismos.<\/p><\/div><\/div><\/div><div class=\"single_accordion techwix-icon-align-right\"><div class=\"techwix-accordion-header techwix-accordion-header4ee55b4\"><h4 class=\"accordion-title\" >Control de accesos y biometrias<\/h4><span class=\"accordion-icon icon-right\"><\/span><\/div><div class=\"accordion-body accordion-body4ee55b4\"><div class=\"accordion-content\"><p>Soluciones de autenticaci\u00f3n sin contacto (PalmSecure) para acceso a sistemas, edificios o tramites digitales.<\/p><\/div><\/div><\/div><div class=\"single_accordion techwix-icon-align-right\"><div class=\"techwix-accordion-header techwix-accordion-header4ee55b4\"><h4 class=\"accordion-title\" >Plataformas colaborativas y productividad instirucional<\/h4><span class=\"accordion-icon icon-right\"><\/span><\/div><div class=\"accordion-body accordion-body4ee55b4\"><div class=\"accordion-content\"><p>Microsoft 365 adaptado a entornos p\u00fablicos para facilitar la comunicaci\u00f3n interna, el seguimiento de proyectos y la interoperabilidad entre \u00e1reas.<\/p><\/div><\/div><\/div><\/div>\t\t\t\t<\/div>\n\t\t\t\t<\/div>\n\t\t\t\t<\/div>\n\t\t\t\t<\/div>\n\t\t<div class=\"elementor-element elementor-element-bb69ad8 e-con-full e-flex e-con e-child\" data-id=\"bb69ad8\" data-element_type=\"container\" data-e-type=\"container\">\n\t\t\t\t<div class=\"elementor-element elementor-element-698fbfe elementor-widget elementor-widget-image\" data-id=\"698fbfe\" data-element_type=\"widget\" data-e-type=\"widget\" data-widget_type=\"image.default\">\n\t\t\t\t\t\t\t\t\t\t\t\t\t\t\t<img fetchpriority=\"high\" decoding=\"async\" width=\"640\" height=\"360\" src=\"https:\/\/idsltda.uy\/wp-content\/uploads\/2026\/03\/nodo5819.png\" class=\"attachment-large size-large wp-image-344\" alt=\"\" \/>\t\t\t\t\t\t\t\t\t\t\t\t\t\t\t<\/div>\n\t\t\t\t<\/div>\n\t\t\t\t\t<\/div>\n\t\t\t\t<\/div>\n\t\t<div class=\"elementor-element elementor-element-fdf1440 e-flex e-con-boxed elementor-invisible e-con e-parent\" data-id=\"fdf1440\" data-element_type=\"container\" data-e-type=\"container\" data-settings=\"{&quot;animation&quot;:&quot;slideInUp&quot;}\">\n\t\t\t\t\t<div class=\"e-con-inner\">\n\t\t<div class=\"elementor-element elementor-element-90e4463 e-con-full e-flex e-con e-child\" data-id=\"90e4463\" data-element_type=\"container\" data-e-type=\"container\">\n\t\t\t\t<div class=\"elementor-element elementor-element-c88a551 elementor-widget elementor-widget-image\" data-id=\"c88a551\" data-element_type=\"widget\" data-e-type=\"widget\" data-widget_type=\"image.default\">\n\t\t\t\t\t\t\t\t\t\t\t\t\t\t\t<img decoding=\"async\" width=\"640\" height=\"480\" src=\"https:\/\/idsltda.uy\/wp-content\/uploads\/2026\/03\/pexels-nikolai-kolosov-20840610-1-scaled.jpg\" class=\"attachment-large size-large wp-image-237\" alt=\"\" \/>\t\t\t\t\t\t\t\t\t\t\t\t\t\t\t<\/div>\n\t\t\t\t<\/div>\n\t\t<div class=\"elementor-element elementor-element-7726488 e-con-full e-flex elementor-invisible e-con e-child\" data-id=\"7726488\" data-element_type=\"container\" data-e-type=\"container\" data-settings=\"{&quot;animation&quot;:&quot;slideInUp&quot;}\">\n\t\t\t\t<div class=\"elementor-element elementor-element-2f6e9f5 elementor-widget elementor-widget-heading\" data-id=\"2f6e9f5\" data-element_type=\"widget\" data-e-type=\"widget\" data-widget_type=\"heading.default\">\n\t\t\t\t\t<h3 class=\"elementor-heading-title elementor-size-default\">La soluciones que proporcionamos<\/h3>\t\t\t\t<\/div>\n\t\t\t\t<div class=\"elementor-element elementor-element-9907d6b elementor-icon-list--layout-traditional elementor-list-item-link-full_width elementor-widget elementor-widget-icon-list\" data-id=\"9907d6b\" data-element_type=\"widget\" data-e-type=\"widget\" data-widget_type=\"icon-list.default\">\n\t\t\t\t\t\t\t<ul class=\"elementor-icon-list-items\">\n\t\t\t\t\t\t\t<li class=\"elementor-icon-list-item\">\n\t\t\t\t\t\t\t\t\t\t\t<span class=\"elementor-icon-list-icon\">\n\t\t\t\t\t\t\t<svg aria-hidden=\"true\" class=\"e-font-icon-svg e-fas-angle-right\" viewBox=\"0 0 256 512\" xmlns=\"http:\/\/www.w3.org\/2000\/svg\"><path d=\"M224.3 273l-136 136c-9.4 9.4-24.6 9.4-33.9 0l-22.6-22.6c-9.4-9.4-9.4-24.6 0-33.9l96.4-96.4-96.4-96.4c-9.4-9.4-9.4-24.6 0-33.9L54.3 103c9.4-9.4 24.6-9.4 33.9 0l136 136c9.5 9.4 9.5 24.6.1 34z\"><\/path><\/svg>\t\t\t\t\t\t<\/span>\n\t\t\t\t\t\t\t\t\t\t<span class=\"elementor-icon-list-text\">Reducci\u00f3n de tiempos de gesti\u00f3n y atenci\u00f3n al cuidadano<\/span>\n\t\t\t\t\t\t\t\t\t<\/li>\n\t\t\t\t\t\t\t\t<li class=\"elementor-icon-list-item\">\n\t\t\t\t\t\t\t\t\t\t\t<span class=\"elementor-icon-list-icon\">\n\t\t\t\t\t\t\t<svg aria-hidden=\"true\" class=\"e-font-icon-svg e-fas-angle-right\" viewBox=\"0 0 256 512\" xmlns=\"http:\/\/www.w3.org\/2000\/svg\"><path d=\"M224.3 273l-136 136c-9.4 9.4-24.6 9.4-33.9 0l-22.6-22.6c-9.4-9.4-9.4-24.6 0-33.9l96.4-96.4-96.4-96.4c-9.4-9.4-9.4-24.6 0-33.9L54.3 103c9.4-9.4 24.6-9.4 33.9 0l136 136c9.5 9.4 9.5 24.6.1 34z\"><\/path><\/svg>\t\t\t\t\t\t<\/span>\n\t\t\t\t\t\t\t\t\t\t<span class=\"elementor-icon-list-text\">Mayor transparencia y trazabilidad en procesos administrativos<\/span>\n\t\t\t\t\t\t\t\t\t<\/li>\n\t\t\t\t\t\t\t\t<li class=\"elementor-icon-list-item\">\n\t\t\t\t\t\t\t\t\t\t\t<span class=\"elementor-icon-list-icon\">\n\t\t\t\t\t\t\t<svg aria-hidden=\"true\" class=\"e-font-icon-svg e-fas-angle-right\" viewBox=\"0 0 256 512\" xmlns=\"http:\/\/www.w3.org\/2000\/svg\"><path d=\"M224.3 273l-136 136c-9.4 9.4-24.6 9.4-33.9 0l-22.6-22.6c-9.4-9.4-9.4-24.6 0-33.9l96.4-96.4-96.4-96.4c-9.4-9.4-9.4-24.6 0-33.9L54.3 103c9.4-9.4 24.6-9.4 33.9 0l136 136c9.5 9.4 9.5 24.6.1 34z\"><\/path><\/svg>\t\t\t\t\t\t<\/span>\n\t\t\t\t\t\t\t\t\t\t<span class=\"elementor-icon-list-text\">Seguridad y control de accesos para empleados y autoridades<\/span>\n\t\t\t\t\t\t\t\t\t<\/li>\n\t\t\t\t\t\t\t\t<li class=\"elementor-icon-list-item\">\n\t\t\t\t\t\t\t\t\t\t\t<span class=\"elementor-icon-list-icon\">\n\t\t\t\t\t\t\t<svg aria-hidden=\"true\" class=\"e-font-icon-svg e-fas-angle-right\" viewBox=\"0 0 256 512\" xmlns=\"http:\/\/www.w3.org\/2000\/svg\"><path d=\"M224.3 273l-136 136c-9.4 9.4-24.6 9.4-33.9 0l-22.6-22.6c-9.4-9.4-9.4-24.6 0-33.9l96.4-96.4-96.4-96.4c-9.4-9.4-9.4-24.6 0-33.9L54.3 103c9.4-9.4 24.6-9.4 33.9 0l136 136c9.5 9.4 9.5 24.6.1 34z\"><\/path><\/svg>\t\t\t\t\t\t<\/span>\n\t\t\t\t\t\t\t\t\t\t<span class=\"elementor-icon-list-text\">Continuidad operativa garantizada para portales y sistemas claves<\/span>\n\t\t\t\t\t\t\t\t\t<\/li>\n\t\t\t\t\t\t\t\t<li class=\"elementor-icon-list-item\">\n\t\t\t\t\t\t\t\t\t\t\t<span class=\"elementor-icon-list-icon\">\n\t\t\t\t\t\t\t<svg aria-hidden=\"true\" class=\"e-font-icon-svg e-fas-angle-right\" viewBox=\"0 0 256 512\" xmlns=\"http:\/\/www.w3.org\/2000\/svg\"><path d=\"M224.3 273l-136 136c-9.4 9.4-24.6 9.4-33.9 0l-22.6-22.6c-9.4-9.4-9.4-24.6 0-33.9l96.4-96.4-96.4-96.4c-9.4-9.4-9.4-24.6 0-33.9L54.3 103c9.4-9.4 24.6-9.4 33.9 0l136 136c9.5 9.4 9.5 24.6.1 34z\"><\/path><\/svg>\t\t\t\t\t\t<\/span>\n\t\t\t\t\t\t\t\t\t\t<span class=\"elementor-icon-list-text\">Cumplimiento de normativas y mejora en auditorias internas y externas<\/span>\n\t\t\t\t\t\t\t\t\t<\/li>\n\t\t\t\t\t\t<\/ul>\n\t\t\t\t\t\t<\/div>\n\t\t\t\t<\/div>\n\t\t\t\t\t<\/div>\n\t\t\t\t<\/div>\n\t\t<div class=\"elementor-element elementor-element-bd074cc e-flex e-con-boxed e-con e-parent\" data-id=\"bd074cc\" data-element_type=\"container\" data-e-type=\"container\">\n\t\t\t\t\t<div class=\"e-con-inner\">\n\t\t<div class=\"elementor-element elementor-element-d026565 e-con-full e-flex e-con e-child\" data-id=\"d026565\" data-element_type=\"container\" data-e-type=\"container\" data-settings=\"{&quot;background_background&quot;:&quot;gradient&quot;}\">\n\t\t<div class=\"elementor-element elementor-element-ab40574 e-con-full e-flex e-con e-child\" data-id=\"ab40574\" data-element_type=\"container\" data-e-type=\"container\" data-settings=\"{&quot;background_background&quot;:&quot;gradient&quot;}\">\n\t\t<div class=\"elementor-element elementor-element-c1c891f e-con-full e-flex elementor-invisible e-con e-child\" data-id=\"c1c891f\" data-element_type=\"container\" data-e-type=\"container\" data-settings=\"{&quot;background_background&quot;:&quot;classic&quot;,&quot;animation&quot;:&quot;slideInUp&quot;}\">\n\t\t\t\t<div class=\"elementor-element elementor-element-543fc9a elementor-widget elementor-widget-image\" data-id=\"543fc9a\" data-element_type=\"widget\" data-e-type=\"widget\" data-widget_type=\"image.default\">\n\t\t\t\t\t\t\t\t\t\t\t\t\t\t\t<img decoding=\"async\" width=\"49\" height=\"49\" src=\"https:\/\/idsltda.uy\/wp-content\/uploads\/2026\/03\/headset_mic_49dp_FFFFFF_FILL0_wght400_GRAD0_opsz48.png\" class=\"attachment-full size-full wp-image-278\" alt=\"\" \/>\t\t\t\t\t\t\t\t\t\t\t\t\t\t\t<\/div>\n\t\t\t\t<\/div>\n\t\t<div class=\"elementor-element elementor-element-52653df e-con-full e-flex e-con e-child\" data-id=\"52653df\" data-element_type=\"container\" data-e-type=\"container\">\n\t\t\t\t<div class=\"elementor-element elementor-element-db9dab4 elementor-invisible elementor-widget elementor-widget-custom-title-addons\" data-id=\"db9dab4\" data-element_type=\"widget\" data-e-type=\"widget\" data-settings=\"{&quot;_animation&quot;:&quot;slideInUp&quot;}\" data-widget_type=\"custom-title-addons.default\">\n\t\t\t\t<div class=\"elementor-widget-container\">\n\t\t\t\t\t<div class=\"tpc-double_heading\"><h3 class=\"dbl__title-wrapper\"><span class=\"dbl__title dbl-title_1\">Quiero hablar con un especialista<\/span><\/h3><\/div>\t\t\t\t<\/div>\n\t\t\t\t<\/div>\n\t\t\t\t<\/div>\n\t\t<div class=\"elementor-element elementor-element-0140f0f e-con-full e-flex e-con e-child\" data-id=\"0140f0f\" data-element_type=\"container\" data-e-type=\"container\">\n\t\t\t\t<div class=\"elementor-element elementor-element-7a86975 elementor-invisible elementor-widget elementor-widget-techwix-button\" data-id=\"7a86975\" data-element_type=\"widget\" data-e-type=\"widget\" data-settings=\"{&quot;_animation&quot;:&quot;slideInUp&quot;}\" data-widget_type=\"techwix-button.default\">\n\t\t\t\t<div class=\"elementor-widget-container\">\n\t\t\t\t\t<div class=\"techwix-button-widget-wrapper\"><a class=\"techwix-btn techwix-btn-size-custom style-1\" href=\"\/index.php\/contacto\">Hablemos<\/a><\/div>\t\t\t\t<\/div>\n\t\t\t\t<\/div>\n\t\t\t\t<\/div>\n\t\t\t\t<\/div>\n\t\t\t\t<\/div>\n\t\t\t\t\t<\/div>\n\t\t\t\t<\/div>\n\t\t\t\t<\/div>\n\t\t","protected":false},"excerpt":{"rendered":"<p>Infraestructura moderna y servicios digitales para el sector p\u00fablico. Brindamos soluciones que permiten a las instiruciones p\u00fablicas mejorar sus procesos internos, modernizar sus plataformas y ofrecer servicios m\u00e1s accesibles y seguros a los cuidadanos. \u00bfQu\u00e9 ofrecemos? Infraestructura para organismos p\u00fablicos Servidores, estaciones de trabajos y redes preparados para entornos cr\u00edticos, con soporte local y continuidad&#8230;<\/p>\n","protected":false},"author":1,"featured_media":0,"parent":0,"menu_order":0,"comment_status":"closed","ping_status":"closed","template":"","meta":{"footnotes":""},"class_list":["post-342","page","type-page","status-publish","hentry"],"_links":{"self":[{"href":"https:\/\/idsltda.uy\/index.php\/wp-json\/wp\/v2\/pages\/342","targetHints":{"allow":["GET"]}}],"collection":[{"href":"https:\/\/idsltda.uy\/index.php\/wp-json\/wp\/v2\/pages"}],"about":[{"href":"https:\/\/idsltda.uy\/index.php\/wp-json\/wp\/v2\/types\/page"}],"author":[{"embeddable":true,"href":"https:\/\/idsltda.uy\/index.php\/wp-json\/wp\/v2\/users\/1"}],"replies":[{"embeddable":true,"href":"https:\/\/idsltda.uy\/index.php\/wp-json\/wp\/v2\/comments?post=342"}],"version-history":[{"count":7,"href":"https:\/\/idsltda.uy\/index.php\/wp-json\/wp\/v2\/pages\/342\/revisions"}],"predecessor-version":[{"id":548,"href":"https:\/\/idsltda.uy\/index.php\/wp-json\/wp\/v2\/pages\/342\/revisions\/548"}],"wp:attachment":[{"href":"https:\/\/idsltda.uy\/index.php\/wp-json\/wp\/v2\/media?parent=342"}],"curies":[{"name":"wp","href":"https:\/\/api.w.org\/{rel}","templated":true}]}}