{"id":329,"date":"2026-03-20T10:58:01","date_gmt":"2026-03-20T13:58:01","guid":{"rendered":"https:\/\/idsltda.uy\/?page_id=329"},"modified":"2026-04-01T12:32:51","modified_gmt":"2026-04-01T15:32:51","slug":"salud","status":"publish","type":"page","link":"https:\/\/idsltda.uy\/index.php\/salud","title":{"rendered":"Salud"},"content":{"rendered":"\t\t<div data-elementor-type=\"wp-page\" data-elementor-id=\"329\" class=\"elementor elementor-329\">\n\t\t\t\t<div class=\"elementor-element elementor-element-7c61342 e-flex e-con-boxed elementor-invisible e-con e-parent\" data-id=\"7c61342\" data-element_type=\"container\" data-e-type=\"container\" data-settings=\"{&quot;background_background&quot;:&quot;classic&quot;,&quot;animation&quot;:&quot;slideInUp&quot;}\">\n\t\t\t\t\t<div class=\"e-con-inner\">\n\t\t\t\t<div class=\"elementor-element elementor-element-e5405c6 elementor-invisible elementor-widget elementor-widget-heading\" data-id=\"e5405c6\" data-element_type=\"widget\" data-e-type=\"widget\" data-settings=\"{&quot;_animation&quot;:&quot;slideInDown&quot;}\" data-widget_type=\"heading.default\">\n\t\t\t\t\t<h1 class=\"elementor-heading-title elementor-size-default\"><span>Infraestructura y seguridad para proteger lo m\u00e1s importante: las personas.<\/span><\/h1>\t\t\t\t<\/div>\n\t\t\t\t\t<\/div>\n\t\t\t\t<\/div>\n\t\t<div class=\"elementor-element elementor-element-83c40a7 e-flex e-con-boxed elementor-invisible e-con e-parent\" data-id=\"83c40a7\" data-element_type=\"container\" data-e-type=\"container\" data-settings=\"{&quot;background_background&quot;:&quot;classic&quot;,&quot;animation&quot;:&quot;slideInUp&quot;}\">\n\t\t\t\t\t<div class=\"e-con-inner\">\n\t\t\t\t<div class=\"elementor-element elementor-element-3a57c95 elementor-invisible elementor-widget elementor-widget-heading\" data-id=\"3a57c95\" data-element_type=\"widget\" data-e-type=\"widget\" data-settings=\"{&quot;_animation&quot;:&quot;slideInDown&quot;}\" data-widget_type=\"heading.default\">\n\t\t\t\t\t<h1 class=\"elementor-heading-title elementor-size-default\">Acompa\u00f1amos a instituciones m\u00e9dicas con soluciones robustas en infraestructura cr\u00edtica, backup de datos sensibles y autenticaci\u00f3n biom\u00e9trica que mejora la seguridad y experiencias del pacientes.<\/h1>\t\t\t\t<\/div>\n\t\t\t\t\t<\/div>\n\t\t\t\t<\/div>\n\t\t<div class=\"elementor-element elementor-element-fdf1440 e-flex e-con-boxed elementor-invisible e-con e-parent\" data-id=\"fdf1440\" data-element_type=\"container\" data-e-type=\"container\" data-settings=\"{&quot;animation&quot;:&quot;slideInUp&quot;}\">\n\t\t\t\t\t<div class=\"e-con-inner\">\n\t\t<div class=\"elementor-element elementor-element-90e4463 e-con-full e-flex e-con e-child\" data-id=\"90e4463\" data-element_type=\"container\" data-e-type=\"container\">\n\t\t\t\t<div class=\"elementor-element elementor-element-c88a551 elementor-widget elementor-widget-image\" data-id=\"c88a551\" data-element_type=\"widget\" data-e-type=\"widget\" data-widget_type=\"image.default\">\n\t\t\t\t\t\t\t\t\t\t\t\t\t\t\t<img fetchpriority=\"high\" decoding=\"async\" width=\"640\" height=\"427\" src=\"https:\/\/idsltda.uy\/wp-content\/uploads\/2026\/03\/doctor-holding-stethoscope-in-hand-free-photo.jpg\" class=\"attachment-large size-large wp-image-333\" alt=\"\" \/>\t\t\t\t\t\t\t\t\t\t\t\t\t\t\t<\/div>\n\t\t\t\t<\/div>\n\t\t<div class=\"elementor-element elementor-element-7726488 e-con-full e-flex elementor-invisible e-con e-child\" data-id=\"7726488\" data-element_type=\"container\" data-e-type=\"container\" data-settings=\"{&quot;animation&quot;:&quot;slideInUp&quot;}\">\n\t\t\t\t<div class=\"elementor-element elementor-element-2f6e9f5 elementor-widget elementor-widget-heading\" data-id=\"2f6e9f5\" data-element_type=\"widget\" data-e-type=\"widget\" data-widget_type=\"heading.default\">\n\t\t\t\t\t<h3 class=\"elementor-heading-title elementor-size-default\">La soluciones que proporcionamos<\/h3>\t\t\t\t<\/div>\n\t\t\t\t<div class=\"elementor-element elementor-element-9907d6b elementor-icon-list--layout-traditional elementor-list-item-link-full_width elementor-widget elementor-widget-icon-list\" data-id=\"9907d6b\" data-element_type=\"widget\" data-e-type=\"widget\" data-widget_type=\"icon-list.default\">\n\t\t\t\t\t\t\t<ul class=\"elementor-icon-list-items\">\n\t\t\t\t\t\t\t<li class=\"elementor-icon-list-item\">\n\t\t\t\t\t\t\t\t\t\t\t<span class=\"elementor-icon-list-icon\">\n\t\t\t\t\t\t\t<svg aria-hidden=\"true\" class=\"e-font-icon-svg e-fas-angle-right\" viewBox=\"0 0 256 512\" xmlns=\"http:\/\/www.w3.org\/2000\/svg\"><path d=\"M224.3 273l-136 136c-9.4 9.4-24.6 9.4-33.9 0l-22.6-22.6c-9.4-9.4-9.4-24.6 0-33.9l96.4-96.4-96.4-96.4c-9.4-9.4-9.4-24.6 0-33.9L54.3 103c9.4-9.4 24.6-9.4 33.9 0l136 136c9.5 9.4 9.5 24.6.1 34z\"><\/path><\/svg>\t\t\t\t\t\t<\/span>\n\t\t\t\t\t\t\t\t\t\t<span class=\"elementor-icon-list-text\">Control de acceso a \u00e1reas criticas con tecnolog\u00eda ya implementada en organizaciones de m\u00e1xima seguridad.<\/span>\n\t\t\t\t\t\t\t\t\t<\/li>\n\t\t\t\t\t\t\t\t<li class=\"elementor-icon-list-item\">\n\t\t\t\t\t\t\t\t\t\t\t<span class=\"elementor-icon-list-icon\">\n\t\t\t\t\t\t\t<svg aria-hidden=\"true\" class=\"e-font-icon-svg e-fas-angle-right\" viewBox=\"0 0 256 512\" xmlns=\"http:\/\/www.w3.org\/2000\/svg\"><path d=\"M224.3 273l-136 136c-9.4 9.4-24.6 9.4-33.9 0l-22.6-22.6c-9.4-9.4-9.4-24.6 0-33.9l96.4-96.4-96.4-96.4c-9.4-9.4-9.4-24.6 0-33.9L54.3 103c9.4-9.4 24.6-9.4 33.9 0l136 136c9.5 9.4 9.5 24.6.1 34z\"><\/path><\/svg>\t\t\t\t\t\t<\/span>\n\t\t\t\t\t\t\t\t\t\t<span class=\"elementor-icon-list-text\">Virtualizaci\u00f3n y continuidad de sistemas hospitalarios<\/span>\n\t\t\t\t\t\t\t\t\t<\/li>\n\t\t\t\t\t\t\t\t<li class=\"elementor-icon-list-item\">\n\t\t\t\t\t\t\t\t\t\t\t<span class=\"elementor-icon-list-icon\">\n\t\t\t\t\t\t\t<svg aria-hidden=\"true\" class=\"e-font-icon-svg e-fas-angle-right\" viewBox=\"0 0 256 512\" xmlns=\"http:\/\/www.w3.org\/2000\/svg\"><path d=\"M224.3 273l-136 136c-9.4 9.4-24.6 9.4-33.9 0l-22.6-22.6c-9.4-9.4-9.4-24.6 0-33.9l96.4-96.4-96.4-96.4c-9.4-9.4-9.4-24.6 0-33.9L54.3 103c9.4-9.4 24.6-9.4 33.9 0l136 136c9.5 9.4 9.5 24.6.1 34z\"><\/path><\/svg>\t\t\t\t\t\t<\/span>\n\t\t\t\t\t\t\t\t\t\t<span class=\"elementor-icon-list-text\">Implementaci\u00f3n y soporte de infraestructura tecnol\u00f3gica de \u00faltima  generai\u00f3n para la continuidad y rapidez del servicio<\/span>\n\t\t\t\t\t\t\t\t\t<\/li>\n\t\t\t\t\t\t\t\t<li class=\"elementor-icon-list-item\">\n\t\t\t\t\t\t\t\t\t\t\t<span class=\"elementor-icon-list-icon\">\n\t\t\t\t\t\t\t<svg aria-hidden=\"true\" class=\"e-font-icon-svg e-fas-angle-right\" viewBox=\"0 0 256 512\" xmlns=\"http:\/\/www.w3.org\/2000\/svg\"><path d=\"M224.3 273l-136 136c-9.4 9.4-24.6 9.4-33.9 0l-22.6-22.6c-9.4-9.4-9.4-24.6 0-33.9l96.4-96.4-96.4-96.4c-9.4-9.4-9.4-24.6 0-33.9L54.3 103c9.4-9.4 24.6-9.4 33.9 0l136 136c9.5 9.4 9.5 24.6.1 34z\"><\/path><\/svg>\t\t\t\t\t\t<\/span>\n\t\t\t\t\t\t\t\t\t\t<span class=\"elementor-icon-list-text\">Automatizaci\u00f3n de procesos operativos en \u00e1reas como finanzas, recursos humanos, atenci\u00f3n al cliente y cualquier proceso repetitivo<\/span>\n\t\t\t\t\t\t\t\t\t<\/li>\n\t\t\t\t\t\t\t\t<li class=\"elementor-icon-list-item\">\n\t\t\t\t\t\t\t\t\t\t\t<span class=\"elementor-icon-list-icon\">\n\t\t\t\t\t\t\t<svg aria-hidden=\"true\" class=\"e-font-icon-svg e-fas-angle-right\" viewBox=\"0 0 256 512\" xmlns=\"http:\/\/www.w3.org\/2000\/svg\"><path d=\"M224.3 273l-136 136c-9.4 9.4-24.6 9.4-33.9 0l-22.6-22.6c-9.4-9.4-9.4-24.6 0-33.9l96.4-96.4-96.4-96.4c-9.4-9.4-9.4-24.6 0-33.9L54.3 103c9.4-9.4 24.6-9.4 33.9 0l136 136c9.5 9.4 9.5 24.6.1 34z\"><\/path><\/svg>\t\t\t\t\t\t<\/span>\n\t\t\t\t\t\t\t\t\t\t<span class=\"elementor-icon-list-text\">Licenciamiento e implementaci\u00f3n de plataformas de colaboraci\u00f3n para facilitar la colaboraci\u00f3n entre profesionales, ofrece una mejor atenci\u00f3n a los pacientes, cumpliendo con los est\u00e1ndares regulatorios<\/span>\n\t\t\t\t\t\t\t\t\t<\/li>\n\t\t\t\t\t\t<\/ul>\n\t\t\t\t\t\t<\/div>\n\t\t\t\t<\/div>\n\t\t\t\t\t<\/div>\n\t\t\t\t<\/div>\n\t\t<div class=\"elementor-element elementor-element-58f20ec e-flex e-con-boxed elementor-invisible e-con e-parent\" data-id=\"58f20ec\" data-element_type=\"container\" data-e-type=\"container\" data-settings=\"{&quot;animation&quot;:&quot;slideInUp&quot;}\">\n\t\t\t\t\t<div class=\"e-con-inner\">\n\t\t<div class=\"elementor-element elementor-element-8e903ff e-con-full e-flex e-con e-child\" data-id=\"8e903ff\" data-element_type=\"container\" data-e-type=\"container\">\n\t\t\t\t<div class=\"elementor-element elementor-element-76b1d85 elementor-widget elementor-widget-heading\" data-id=\"76b1d85\" data-element_type=\"widget\" data-e-type=\"widget\" data-widget_type=\"heading.default\">\n\t\t\t\t\t<h3 class=\"elementor-heading-title elementor-size-default\">Beneficios<\/h3>\t\t\t\t<\/div>\n\t\t<div class=\"elementor-element elementor-element-063636b e-con-full e-flex e-con e-child\" data-id=\"063636b\" data-element_type=\"container\" data-e-type=\"container\">\n\t\t\t\t<div class=\"elementor-element elementor-element-4ee55b4 elementor-widget elementor-widget-techwix-accordion\" data-id=\"4ee55b4\" data-element_type=\"widget\" data-e-type=\"widget\" data-widget_type=\"techwix-accordion.default\">\n\t\t\t\t<div class=\"elementor-widget-container\">\n\t\t\t\t\t<div class=\"accordion\" data-settings=\"{&quot;accordion_id&quot;:&quot;4ee55b4&quot;}\" data-close-all=\"false\" data-open-item=\"0\"><div class=\"single_accordion techwix-icon-align-right\"><div class=\"techwix-accordion-header techwix-accordion-header4ee55b4\"><h4 class=\"accordion-title\" >Mayor seguridad en \u00e1reas cr\u00edticas<\/h4><span class=\"accordion-icon icon-right\"><\/span><\/div><div class=\"accordion-body accordion-body4ee55b4\"><div class=\"accordion-content\"><p>Control de accesos con tecnolog\u00eda biom\u00e9trica validada en organismos de alta seguridad, ideal para salas de medicaci\u00f3n, laboratorios o quir\u00f3fanos\u00a0<\/p><\/div><\/div><\/div><div class=\"single_accordion techwix-icon-align-right\"><div class=\"techwix-accordion-header techwix-accordion-header4ee55b4\"><h4 class=\"accordion-title\" >Disponibilidad de sistemas cl\u00ednicos <\/h4><span class=\"accordion-icon icon-right\"><\/span><\/div><div class=\"accordion-body accordion-body4ee55b4\"><div class=\"accordion-content\"><p>Virtualizaci\u00f3n y soporte continuo para que las plataformas hospitalarias est\u00e9n siempre oper\u00e1ticas, sin interrupciones que afecten la atenci\u00f3n al paciente.<\/p><\/div><\/div><\/div><div class=\"single_accordion techwix-icon-align-right\"><div class=\"techwix-accordion-header techwix-accordion-header4ee55b4\"><h4 class=\"accordion-title\" >Respuesta r\u00e1pida en suituaciones cr\u00edticas<\/h4><span class=\"accordion-icon icon-right\"><\/span><\/div><div class=\"accordion-body accordion-body4ee55b4\"><div class=\"accordion-content\"><p>Infraestructura modernas, escalable y segura para sostener servicios m\u00e9dicos exigente con agilidad y continuidad garantizada.<\/p><\/div><\/div><\/div><div class=\"single_accordion techwix-icon-align-right\"><div class=\"techwix-accordion-header techwix-accordion-header4ee55b4\"><h4 class=\"accordion-title\" >Menos carga administatica para m\u00e1s tiempo cl\u00ednico <\/h4><span class=\"accordion-icon icon-right\"><\/span><\/div><div class=\"accordion-body accordion-body4ee55b4\"><div class=\"accordion-content\"><p>Automatizaci\u00f3n de procesos repetitivos en finanzas, RRHH y atenci\u00f3n al publico, liberando tiempo operativo para tareas de mayor impacto.<\/p><\/div><\/div><\/div><div class=\"single_accordion techwix-icon-align-right\"><div class=\"techwix-accordion-header techwix-accordion-header4ee55b4\"><h4 class=\"accordion-title\" >Colaboraci\u00f3n digital entre profesionales d ela salud<\/h4><span class=\"accordion-icon icon-right\"><\/span><\/div><div class=\"accordion-body accordion-body4ee55b4\"><div class=\"accordion-content\"><p>Implementaci\u00f3n de Microsoft 365 y otras plataformas colaborativas para mejorar la comunicaci\u00f3n, agilizar la administraci\u00f3n y cumplir con normativas del sector.<\/p><\/div><\/div><\/div><div class=\"single_accordion techwix-icon-align-right\"><div class=\"techwix-accordion-header techwix-accordion-header4ee55b4\"><h4 class=\"accordion-title\" >Cumplimineto normativo y protecci\u00f3n de datos sensibles<\/h4><span class=\"accordion-icon icon-right\"><\/span><\/div><div class=\"accordion-body accordion-body4ee55b4\"><div class=\"accordion-content\"><p>Soluciones alineadas con standares se seguridad y privacidad exigidos en el \u00e1mbito medico\u00a0<\/p><\/div><\/div><\/div><\/div>\t\t\t\t<\/div>\n\t\t\t\t<\/div>\n\t\t\t\t<\/div>\n\t\t\t\t<\/div>\n\t\t<div class=\"elementor-element elementor-element-bb69ad8 e-con-full e-flex e-con e-child\" data-id=\"bb69ad8\" data-element_type=\"container\" data-e-type=\"container\">\n\t\t\t\t<div class=\"elementor-element elementor-element-698fbfe elementor-widget elementor-widget-image\" data-id=\"698fbfe\" data-element_type=\"widget\" data-e-type=\"widget\" data-widget_type=\"image.default\">\n\t\t\t\t\t\t\t\t\t\t\t\t\t\t\t<img decoding=\"async\" width=\"640\" height=\"320\" src=\"https:\/\/idsltda.uy\/wp-content\/uploads\/2026\/03\/salud.png\" class=\"attachment-large size-large wp-image-338\" alt=\"\" \/>\t\t\t\t\t\t\t\t\t\t\t\t\t\t\t<\/div>\n\t\t\t\t<\/div>\n\t\t\t\t\t<\/div>\n\t\t\t\t<\/div>\n\t\t<div class=\"elementor-element elementor-element-bd074cc e-flex e-con-boxed e-con e-parent\" data-id=\"bd074cc\" data-element_type=\"container\" data-e-type=\"container\">\n\t\t\t\t\t<div class=\"e-con-inner\">\n\t\t<div class=\"elementor-element elementor-element-d026565 e-con-full e-flex e-con e-child\" data-id=\"d026565\" data-element_type=\"container\" data-e-type=\"container\" data-settings=\"{&quot;background_background&quot;:&quot;gradient&quot;}\">\n\t\t<div class=\"elementor-element elementor-element-ab40574 e-con-full e-flex e-con e-child\" data-id=\"ab40574\" data-element_type=\"container\" data-e-type=\"container\" data-settings=\"{&quot;background_background&quot;:&quot;gradient&quot;}\">\n\t\t<div class=\"elementor-element elementor-element-c1c891f e-con-full e-flex elementor-invisible e-con e-child\" data-id=\"c1c891f\" data-element_type=\"container\" data-e-type=\"container\" data-settings=\"{&quot;background_background&quot;:&quot;classic&quot;,&quot;animation&quot;:&quot;slideInUp&quot;}\">\n\t\t\t\t<div class=\"elementor-element elementor-element-543fc9a elementor-widget elementor-widget-image\" data-id=\"543fc9a\" data-element_type=\"widget\" data-e-type=\"widget\" data-widget_type=\"image.default\">\n\t\t\t\t\t\t\t\t\t\t\t\t\t\t\t<img decoding=\"async\" width=\"49\" height=\"49\" src=\"https:\/\/idsltda.uy\/wp-content\/uploads\/2026\/03\/headset_mic_49dp_FFFFFF_FILL0_wght400_GRAD0_opsz48.png\" class=\"attachment-full size-full wp-image-278\" alt=\"\" \/>\t\t\t\t\t\t\t\t\t\t\t\t\t\t\t<\/div>\n\t\t\t\t<\/div>\n\t\t<div class=\"elementor-element elementor-element-52653df e-con-full e-flex e-con e-child\" data-id=\"52653df\" data-element_type=\"container\" data-e-type=\"container\">\n\t\t\t\t<div class=\"elementor-element elementor-element-db9dab4 elementor-invisible elementor-widget elementor-widget-custom-title-addons\" data-id=\"db9dab4\" data-element_type=\"widget\" data-e-type=\"widget\" data-settings=\"{&quot;_animation&quot;:&quot;slideInUp&quot;}\" data-widget_type=\"custom-title-addons.default\">\n\t\t\t\t<div class=\"elementor-widget-container\">\n\t\t\t\t\t<div class=\"tpc-double_heading\"><h3 class=\"dbl__title-wrapper\"><span class=\"dbl__title dbl-title_1\">Quiero hablar con un especialista<\/span><\/h3><\/div>\t\t\t\t<\/div>\n\t\t\t\t<\/div>\n\t\t\t\t<\/div>\n\t\t<div class=\"elementor-element elementor-element-0140f0f e-con-full e-flex e-con e-child\" data-id=\"0140f0f\" data-element_type=\"container\" data-e-type=\"container\">\n\t\t\t\t<div class=\"elementor-element elementor-element-7a86975 elementor-invisible elementor-widget elementor-widget-techwix-button\" data-id=\"7a86975\" data-element_type=\"widget\" data-e-type=\"widget\" data-settings=\"{&quot;_animation&quot;:&quot;slideInUp&quot;}\" data-widget_type=\"techwix-button.default\">\n\t\t\t\t<div class=\"elementor-widget-container\">\n\t\t\t\t\t<div class=\"techwix-button-widget-wrapper\"><a class=\"techwix-btn techwix-btn-size-custom style-1\" href=\"\/index.php\/contacto\">Hablemos<\/a><\/div>\t\t\t\t<\/div>\n\t\t\t\t<\/div>\n\t\t\t\t<\/div>\n\t\t\t\t<\/div>\n\t\t\t\t<\/div>\n\t\t\t\t\t<\/div>\n\t\t\t\t<\/div>\n\t\t\t\t<\/div>\n\t\t","protected":false},"excerpt":{"rendered":"<p>Infraestructura y seguridad para proteger lo m\u00e1s importante: las personas. Acompa\u00f1amos a instituciones m\u00e9dicas con soluciones robustas en infraestructura cr\u00edtica, backup de datos sensibles y autenticaci\u00f3n biom\u00e9trica que mejora la seguridad y experiencias del pacientes. La soluciones que proporcionamos Control de acceso a \u00e1reas criticas con tecnolog\u00eda ya implementada en organizaciones de m\u00e1xima seguridad. Virtualizaci\u00f3n&#8230;<\/p>\n","protected":false},"author":1,"featured_media":0,"parent":0,"menu_order":0,"comment_status":"closed","ping_status":"closed","template":"","meta":{"footnotes":""},"class_list":["post-329","page","type-page","status-publish","hentry"],"_links":{"self":[{"href":"https:\/\/idsltda.uy\/index.php\/wp-json\/wp\/v2\/pages\/329","targetHints":{"allow":["GET"]}}],"collection":[{"href":"https:\/\/idsltda.uy\/index.php\/wp-json\/wp\/v2\/pages"}],"about":[{"href":"https:\/\/idsltda.uy\/index.php\/wp-json\/wp\/v2\/types\/page"}],"author":[{"embeddable":true,"href":"https:\/\/idsltda.uy\/index.php\/wp-json\/wp\/v2\/users\/1"}],"replies":[{"embeddable":true,"href":"https:\/\/idsltda.uy\/index.php\/wp-json\/wp\/v2\/comments?post=329"}],"version-history":[{"count":11,"href":"https:\/\/idsltda.uy\/index.php\/wp-json\/wp\/v2\/pages\/329\/revisions"}],"predecessor-version":[{"id":533,"href":"https:\/\/idsltda.uy\/index.php\/wp-json\/wp\/v2\/pages\/329\/revisions\/533"}],"wp:attachment":[{"href":"https:\/\/idsltda.uy\/index.php\/wp-json\/wp\/v2\/media?parent=329"}],"curies":[{"name":"wp","href":"https:\/\/api.w.org\/{rel}","templated":true}]}}