{"id":29,"date":"2026-03-16T13:31:28","date_gmt":"2026-03-16T16:31:28","guid":{"rendered":"https:\/\/idsltda.uy\/?page_id=29"},"modified":"2026-04-06T12:29:53","modified_gmt":"2026-04-06T15:29:53","slug":"nosotros","status":"publish","type":"page","link":"https:\/\/idsltda.uy\/index.php\/nosotros","title":{"rendered":"Nosotros"},"content":{"rendered":"\t\t<div data-elementor-type=\"wp-page\" data-elementor-id=\"29\" class=\"elementor elementor-29\">\n\t\t\t\t<div class=\"elementor-element elementor-element-8ae547e e-flex e-con-boxed elementor-invisible e-con e-parent\" data-id=\"8ae547e\" data-element_type=\"container\" data-e-type=\"container\" data-settings=\"{&quot;background_background&quot;:&quot;classic&quot;,&quot;animation&quot;:&quot;slideInUp&quot;}\">\n\t\t\t\t\t<div class=\"e-con-inner\">\n\t\t\t\t<div class=\"elementor-element elementor-element-c103e58 elementor-widget elementor-widget-heading\" data-id=\"c103e58\" data-element_type=\"widget\" data-e-type=\"widget\" data-widget_type=\"heading.default\">\n\t\t\t\t\t<h1 class=\"elementor-heading-title elementor-size-default\">El talento humano es lo que  impulsa la tecnolog\u00eda.<\/h1>\t\t\t\t<\/div>\n\t\t\t\t\t<\/div>\n\t\t\t\t<\/div>\n\t\t<div class=\"elementor-element elementor-element-71c0b07 e-flex e-con-boxed e-con e-parent\" data-id=\"71c0b07\" data-element_type=\"container\" data-e-type=\"container\">\n\t\t\t\t\t<div class=\"e-con-inner\">\n\t\t<div class=\"elementor-element elementor-element-fff52ab e-con-full e-flex e-con e-child\" data-id=\"fff52ab\" data-element_type=\"container\" data-e-type=\"container\">\n\t\t\t\t<div class=\"elementor-element elementor-element-be3e23b elementor-widget elementor-widget-custom-title-addons\" data-id=\"be3e23b\" data-element_type=\"widget\" data-e-type=\"widget\" data-widget_type=\"custom-title-addons.default\">\n\t\t\t\t<div class=\"elementor-widget-container\">\n\t\t\t\t\t<div class=\"tpc-double_heading\"><div class=\"dbl__subtitle\"><span>QUI\u00c9NES SOMOS<\/span><\/div><h3 class=\"dbl__title-wrapper\"><span class=\"dbl__title dbl-title_1\">Somos un equipo que combina compromiso real con nuestros clientes pasi\u00f3n y experiencia t\u00e9cnica para crear soluciones tecnol\u00f3gicas que funcionen.<\/span><\/h3><\/div>\t\t\t\t<\/div>\n\t\t\t\t<\/div>\n\t\t\t\t<div class=\"elementor-element elementor-element-67054c7 elementor-widget elementor-widget-text-editor\" data-id=\"67054c7\" data-element_type=\"widget\" data-e-type=\"widget\" data-widget_type=\"text-editor.default\">\n\t\t\t\t\t\t\t\t\t<p>Nuestro diferencial est\u00e1 en c\u00f3mo lo hacemos: <em><strong>escuchamos<\/strong><\/em>, <em><strong>proponemos<\/strong> <\/em>y <em><strong>caminamos junto al cliente<\/strong><\/em> en cada etapa del proyecto.<\/p>\t\t\t\t\t\t\t\t<\/div>\n\t\t\t\t<\/div>\n\t\t<div class=\"elementor-element elementor-element-be0db01 e-con-full e-flex e-con e-child\" data-id=\"be0db01\" data-element_type=\"container\" data-e-type=\"container\">\n\t\t\t\t<div class=\"elementor-element elementor-element-77a1feb elementor-widget elementor-widget-image\" data-id=\"77a1feb\" data-element_type=\"widget\" data-e-type=\"widget\" data-widget_type=\"image.default\">\n\t\t\t\t\t\t\t\t\t\t\t\t\t\t\t<img decoding=\"async\" src=\"https:\/\/idsltda.uy\/wp-content\/uploads\/elementor\/thumbs\/1774891369985-rldd07ioa81979si7s4ety5zlcs5n39ckzhaw5pb7g.webp\" title=\"1774891369985\" alt=\"1774891369985\" loading=\"lazy\" \/>\t\t\t\t\t\t\t\t\t\t\t\t\t\t\t<\/div>\n\t\t\t\t<div class=\"elementor-element elementor-element-a9fce3f elementor-invisible elementor-widget elementor-widget-image\" data-id=\"a9fce3f\" data-element_type=\"widget\" data-e-type=\"widget\" data-settings=\"{&quot;_animation&quot;:&quot;techwix--slide-up&quot;,&quot;_animation_delay&quot;:200}\" data-widget_type=\"image.default\">\n\t\t\t\t\t\t\t\t\t\t\t\t\t\t\t<img decoding=\"async\" src=\"https:\/\/idsltda.uy\/wp-content\/uploads\/elementor\/thumbs\/Nosotros-2026-rlm4qiahwar2g6hxe9izv9qz16vfnhla2sc5w2hmss.webp\" title=\"Nosotros 2026\" alt=\"Nosotros 2026\" loading=\"lazy\" \/>\t\t\t\t\t\t\t\t\t\t\t\t\t\t\t<\/div>\n\t\t\t\t<div class=\"elementor-element elementor-element-4e848f9 elementor-absolute elementor-widget elementor-widget-techwix-animation\" data-id=\"4e848f9\" data-element_type=\"widget\" data-e-type=\"widget\" data-settings=\"{&quot;_position&quot;:&quot;absolute&quot;}\" data-widget_type=\"techwix-animation.default\">\n\t\t\t\t<div class=\"elementor-widget-container\">\n\t\t\t\t\t<div class=\"techwix-animation-widget techwix-animation-display-type-tilt techwix-animation-content-type-color techwix-tilt-item\" data-maxtilt=\"20\" data-perspective=\"1000\" data-scale=\"1\" data-speed=\"300\" data-axis=\"null\"><span class=\"techwix-animation-widget-color\"><\/span><\/div>\t\t\t\t<\/div>\n\t\t\t\t<\/div>\n\t\t\t\t<\/div>\n\t\t\t\t\t<\/div>\n\t\t\t\t<\/div>\n\t\t<div class=\"elementor-element elementor-element-9df1e4f e-flex e-con-boxed e-con e-parent\" data-id=\"9df1e4f\" data-element_type=\"container\" data-e-type=\"container\" data-settings=\"{&quot;background_background&quot;:&quot;classic&quot;}\">\n\t\t\t\t\t<div class=\"e-con-inner\">\n\t\t<div class=\"elementor-element elementor-element-8d341f1 e-grid e-con-boxed e-con e-child\" data-id=\"8d341f1\" data-element_type=\"container\" data-e-type=\"container\">\n\t\t\t\t\t<div class=\"e-con-inner\">\n\t\t\t\t<div class=\"elementor-element elementor-element-b819905 elementor-invisible elementor-widget elementor-widget-techwix-counter\" data-id=\"b819905\" data-element_type=\"widget\" data-e-type=\"widget\" data-settings=\"{&quot;_animation&quot;:&quot;slideInUp&quot;}\" data-widget_type=\"techwix-counter.default\">\n\t\t\t\t<div class=\"elementor-widget-container\">\n\t\t\t\t\t<div class=\"techwix-counter counter-style-1 \"><div class=\"elementor-counter-number-wrapper-no\"><span class=\"eb_counting\">100<\/span><span class=\"elementor-counter-number-suffix\">+<\/span><\/div><div class=\"elementor-counter-title\">EMPRESAS CLIENTES<\/div><\/div>\t\t\t\t<\/div>\n\t\t\t\t<\/div>\n\t\t\t\t<div class=\"elementor-element elementor-element-14335b0 elementor-invisible elementor-widget elementor-widget-techwix-counter\" data-id=\"14335b0\" data-element_type=\"widget\" data-e-type=\"widget\" data-settings=\"{&quot;_animation&quot;:&quot;slideInUp&quot;}\" data-widget_type=\"techwix-counter.default\">\n\t\t\t\t<div class=\"elementor-widget-container\">\n\t\t\t\t\t<div class=\"techwix-counter counter-style-1 \"><div class=\"elementor-counter-number-wrapper-no\"><span class=\"eb_counting\">5000<\/span><span class=\"elementor-counter-number-suffix\">+<\/span><\/div><div class=\"elementor-counter-title\">USUARIOS SOPORTADOS<\/div><\/div>\t\t\t\t<\/div>\n\t\t\t\t<\/div>\n\t\t\t\t<div class=\"elementor-element elementor-element-2a14ecc elementor-invisible elementor-widget elementor-widget-text-editor\" data-id=\"2a14ecc\" data-element_type=\"widget\" data-e-type=\"widget\" data-settings=\"{&quot;_animation&quot;:&quot;slideInUp&quot;}\" data-widget_type=\"text-editor.default\">\n\t\t\t\t\t\t\t\t\t<p><strong>EQUIPO CERTIFICADO<\/strong><\/p><p><strong>Y<\/strong><\/p><p><strong>SOPORTE LOCAL<\/strong><\/p>\t\t\t\t\t\t\t\t<\/div>\n\t\t\t\t<div class=\"elementor-element elementor-element-bb1d106 elementor-invisible elementor-widget elementor-widget-techwix-counter\" data-id=\"bb1d106\" data-element_type=\"widget\" data-e-type=\"widget\" data-settings=\"{&quot;_animation&quot;:&quot;slideInUp&quot;}\" data-widget_type=\"techwix-counter.default\">\n\t\t\t\t<div class=\"elementor-widget-container\">\n\t\t\t\t\t<div class=\"techwix-counter counter-style-1 \"><div class=\"elementor-counter-number-wrapper-no\"><span class=\"eb_counting\">10<\/span><span class=\"elementor-counter-number-suffix\">+<\/span><\/div><div class=\"elementor-counter-title\">ALIANZAS CON MARCAS L\u00cdDERES<\/div><\/div>\t\t\t\t<\/div>\n\t\t\t\t<\/div>\n\t\t\t\t\t<\/div>\n\t\t\t\t<\/div>\n\t\t\t\t\t<\/div>\n\t\t\t\t<\/div>\n\t\t<div class=\"elementor-element elementor-element-fd00665 e-flex e-con-boxed e-con e-parent\" data-id=\"fd00665\" data-element_type=\"container\" data-e-type=\"container\" data-settings=\"{&quot;background_background&quot;:&quot;classic&quot;,&quot;shape_divider_bottom&quot;:&quot;opacity-tilt&quot;}\">\n\t\t\t\t\t<div class=\"e-con-inner\">\n\t\t\t\t<div class=\"elementor-shape elementor-shape-bottom\" aria-hidden=\"true\" data-negative=\"false\">\n\t\t\t<svg xmlns=\"http:\/\/www.w3.org\/2000\/svg\" viewBox=\"0 0 2600 131.1\" preserveAspectRatio=\"none\">\n\t<path class=\"elementor-shape-fill\" d=\"M0 0L2600 0 2600 69.1 0 0z\"\/>\n\t<path class=\"elementor-shape-fill\" style=\"opacity:0.5\" d=\"M0 0L2600 0 2600 69.1 0 69.1z\"\/>\n\t<path class=\"elementor-shape-fill\" style=\"opacity:0.25\" d=\"M2600 0L0 0 0 130.1 2600 69.1z\"\/>\n<\/svg>\t\t<\/div>\n\t\t\t\t<div class=\"elementor-element elementor-element-14d7123 elementor-widget elementor-widget-heading\" data-id=\"14d7123\" data-element_type=\"widget\" data-e-type=\"widget\" data-widget_type=\"heading.default\">\n\t\t\t\t\t<h1 class=\"elementor-heading-title elementor-size-default\">NUESTRA CULTURA<\/h1>\t\t\t\t<\/div>\n\t\t\t\t\t<\/div>\n\t\t\t\t<\/div>\n\t\t<div class=\"elementor-element elementor-element-2e18586 e-flex e-con-boxed elementor-invisible e-con e-parent\" data-id=\"2e18586\" data-element_type=\"container\" data-e-type=\"container\" data-settings=\"{&quot;background_background&quot;:&quot;classic&quot;,&quot;animation&quot;:&quot;slideInUp&quot;}\">\n\t\t\t\t\t<div class=\"e-con-inner\">\n\t\t\t\t<div class=\"elementor-element elementor-element-b1d8d58 elementor-widget elementor-widget-heading\" data-id=\"b1d8d58\" data-element_type=\"widget\" data-e-type=\"widget\" data-widget_type=\"heading.default\">\n\t\t\t\t\t<h1 class=\"elementor-heading-title elementor-size-default\">Comprometidos con lo que hacemos, conectados entre nosotros.<\/h1>\t\t\t\t<\/div>\n\t\t\t\t\t<\/div>\n\t\t\t\t<\/div>\n\t\t<div class=\"elementor-element elementor-element-5a6c53b e-con-full e-flex e-con e-parent\" data-id=\"5a6c53b\" data-element_type=\"container\" data-e-type=\"container\">\n\t\t<div class=\"elementor-element elementor-element-35fdab1 e-con-full e-flex elementor-invisible e-con e-child\" data-id=\"35fdab1\" data-element_type=\"container\" data-e-type=\"container\" data-settings=\"{&quot;animation&quot;:&quot;techwix--slide-up&quot;}\">\n\t\t\t\t<div class=\"elementor-element elementor-element-206212b elementor-invisible elementor-widget elementor-widget-techwix-animation\" data-id=\"206212b\" data-element_type=\"widget\" data-e-type=\"widget\" data-settings=\"{&quot;_animation&quot;:&quot;techwix--slide-up&quot;}\" data-widget_type=\"techwix-animation.default\">\n\t\t\t\t<div class=\"elementor-widget-container\">\n\t\t\t\t\t<div class=\"techwix-animation-widget techwix-animation-display-type-infinite-animation techwix-animation-content-type-image\"><img decoding=\"async\" src=\"https:\/\/idsltda.uy\/wp-content\/uploads\/2026\/03\/black-circle-shape_23-2151544074-Photoroom.png\" alt=\"black-circle-shape_23-2151544074-Photoroom\"><\/div>\t\t\t\t<\/div>\n\t\t\t\t<\/div>\n\t\t<div class=\"elementor-element elementor-element-7ab05f9 e-con-full e-flex e-con e-child\" data-id=\"7ab05f9\" data-element_type=\"container\" data-e-type=\"container\" data-settings=\"{&quot;background_background&quot;:&quot;gradient&quot;,&quot;position&quot;:&quot;absolute&quot;}\">\n\t\t\t\t<div class=\"elementor-element elementor-element-90061d2 elementor-widget elementor-widget-custom-title-addons\" data-id=\"90061d2\" data-element_type=\"widget\" data-e-type=\"widget\" data-widget_type=\"custom-title-addons.default\">\n\t\t\t\t<div class=\"elementor-widget-container\">\n\t\t\t\t\t<div class=\"tpc-double_heading\"><h3 class=\"dbl__title-wrapper\"><span class=\"dbl__title dbl-title_1\">35<\/span><\/h3><\/div>\t\t\t\t<\/div>\n\t\t\t\t<\/div>\n\t\t\t\t<div class=\"elementor-element elementor-element-8b8f8fc elementor-widget__width-initial elementor-widget elementor-widget-text-editor\" data-id=\"8b8f8fc\" data-element_type=\"widget\" data-e-type=\"widget\" data-widget_type=\"text-editor.default\">\n\t\t\t\t\t\t\t\t\t<p>A\u00d1OS DE EXPERIENCIA<\/p>\t\t\t\t\t\t\t\t<\/div>\n\t\t\t\t<\/div>\n\t\t\t\t<\/div>\n\t\t<div class=\"elementor-element elementor-element-438c492 e-con-full e-flex e-con e-child\" data-id=\"438c492\" data-element_type=\"container\" data-e-type=\"container\">\n\t\t\t\t<div class=\"elementor-element elementor-element-79478f1 elementor-icon-list--layout-traditional elementor-list-item-link-full_width elementor-widget elementor-widget-icon-list\" data-id=\"79478f1\" data-element_type=\"widget\" data-e-type=\"widget\" data-widget_type=\"icon-list.default\">\n\t\t\t\t\t\t\t<ul class=\"elementor-icon-list-items\">\n\t\t\t\t\t\t\t<li class=\"elementor-icon-list-item\">\n\t\t\t\t\t\t\t\t\t\t\t<span class=\"elementor-icon-list-icon\">\n\t\t\t\t\t\t\t<svg aria-hidden=\"true\" class=\"e-font-icon-svg e-far-check-circle\" viewBox=\"0 0 512 512\" xmlns=\"http:\/\/www.w3.org\/2000\/svg\"><path d=\"M256 8C119.033 8 8 119.033 8 256s111.033 248 248 248 248-111.033 248-248S392.967 8 256 8zm0 48c110.532 0 200 89.451 200 200 0 110.532-89.451 200-200 200-110.532 0-200-89.451-200-200 0-110.532 89.451-200 200-200m140.204 130.267l-22.536-22.718c-4.667-4.705-12.265-4.736-16.97-.068L215.346 303.697l-59.792-60.277c-4.667-4.705-12.265-4.736-16.97-.069l-22.719 22.536c-4.705 4.667-4.736 12.265-.068 16.971l90.781 91.516c4.667 4.705 12.265 4.736 16.97.068l172.589-171.204c4.704-4.668 4.734-12.266.067-16.971z\"><\/path><\/svg>\t\t\t\t\t\t<\/span>\n\t\t\t\t\t\t\t\t\t\t<span class=\"elementor-icon-list-text\"><b>Compromiso<\/b>: cumplimos lo que prometemos, incluso ante desaf\u00edos complejos.<\/span>\n\t\t\t\t\t\t\t\t\t<\/li>\n\t\t\t\t\t\t\t\t<li class=\"elementor-icon-list-item\">\n\t\t\t\t\t\t\t\t\t\t\t<span class=\"elementor-icon-list-icon\">\n\t\t\t\t\t\t\t<svg aria-hidden=\"true\" class=\"e-font-icon-svg e-far-check-circle\" viewBox=\"0 0 512 512\" xmlns=\"http:\/\/www.w3.org\/2000\/svg\"><path d=\"M256 8C119.033 8 8 119.033 8 256s111.033 248 248 248 248-111.033 248-248S392.967 8 256 8zm0 48c110.532 0 200 89.451 200 200 0 110.532-89.451 200-200 200-110.532 0-200-89.451-200-200 0-110.532 89.451-200 200-200m140.204 130.267l-22.536-22.718c-4.667-4.705-12.265-4.736-16.97-.068L215.346 303.697l-59.792-60.277c-4.667-4.705-12.265-4.736-16.97-.069l-22.719 22.536c-4.705 4.667-4.736 12.265-.068 16.971l90.781 91.516c4.667 4.705 12.265 4.736 16.97.068l172.589-171.204c4.704-4.668 4.734-12.266.067-16.971z\"><\/path><\/svg>\t\t\t\t\t\t<\/span>\n\t\t\t\t\t\t\t\t\t\t<span class=\"elementor-icon-list-text\"><b>Servicio al cliente<\/b>: escuchamos y actuamos con cercan\u00eda.<\/span>\n\t\t\t\t\t\t\t\t\t<\/li>\n\t\t\t\t\t\t\t\t<li class=\"elementor-icon-list-item\">\n\t\t\t\t\t\t\t\t\t\t\t<span class=\"elementor-icon-list-icon\">\n\t\t\t\t\t\t\t<svg aria-hidden=\"true\" class=\"e-font-icon-svg e-far-check-circle\" viewBox=\"0 0 512 512\" xmlns=\"http:\/\/www.w3.org\/2000\/svg\"><path d=\"M256 8C119.033 8 8 119.033 8 256s111.033 248 248 248 248-111.033 248-248S392.967 8 256 8zm0 48c110.532 0 200 89.451 200 200 0 110.532-89.451 200-200 200-110.532 0-200-89.451-200-200 0-110.532 89.451-200 200-200m140.204 130.267l-22.536-22.718c-4.667-4.705-12.265-4.736-16.97-.068L215.346 303.697l-59.792-60.277c-4.667-4.705-12.265-4.736-16.97-.069l-22.719 22.536c-4.705 4.667-4.736 12.265-.068 16.971l90.781 91.516c4.667 4.705 12.265 4.736 16.97.068l172.589-171.204c4.704-4.668 4.734-12.266.067-16.971z\"><\/path><\/svg>\t\t\t\t\t\t<\/span>\n\t\t\t\t\t\t\t\t\t\t<span class=\"elementor-icon-list-text\"><b>Agilidad<\/b>: resolvemos en tiempos acordes.<\/span>\n\t\t\t\t\t\t\t\t\t<\/li>\n\t\t\t\t\t\t\t\t<li class=\"elementor-icon-list-item\">\n\t\t\t\t\t\t\t\t\t\t\t<span class=\"elementor-icon-list-icon\">\n\t\t\t\t\t\t\t<svg aria-hidden=\"true\" class=\"e-font-icon-svg e-far-check-circle\" viewBox=\"0 0 512 512\" xmlns=\"http:\/\/www.w3.org\/2000\/svg\"><path d=\"M256 8C119.033 8 8 119.033 8 256s111.033 248 248 248 248-111.033 248-248S392.967 8 256 8zm0 48c110.532 0 200 89.451 200 200 0 110.532-89.451 200-200 200-110.532 0-200-89.451-200-200 0-110.532 89.451-200 200-200m140.204 130.267l-22.536-22.718c-4.667-4.705-12.265-4.736-16.97-.068L215.346 303.697l-59.792-60.277c-4.667-4.705-12.265-4.736-16.97-.069l-22.719 22.536c-4.705 4.667-4.736 12.265-.068 16.971l90.781 91.516c4.667 4.705 12.265 4.736 16.97.068l172.589-171.204c4.704-4.668 4.734-12.266.067-16.971z\"><\/path><\/svg>\t\t\t\t\t\t<\/span>\n\t\t\t\t\t\t\t\t\t\t<span class=\"elementor-icon-list-text\"><b>Trabajamos en equipo<\/b>: compartimos conocimiento, construimos juntos.<\/span>\n\t\t\t\t\t\t\t\t\t<\/li>\n\t\t\t\t\t\t\t\t<li class=\"elementor-icon-list-item\">\n\t\t\t\t\t\t\t\t\t\t\t<span class=\"elementor-icon-list-icon\">\n\t\t\t\t\t\t\t<svg aria-hidden=\"true\" class=\"e-font-icon-svg e-far-check-circle\" viewBox=\"0 0 512 512\" xmlns=\"http:\/\/www.w3.org\/2000\/svg\"><path d=\"M256 8C119.033 8 8 119.033 8 256s111.033 248 248 248 248-111.033 248-248S392.967 8 256 8zm0 48c110.532 0 200 89.451 200 200 0 110.532-89.451 200-200 200-110.532 0-200-89.451-200-200 0-110.532 89.451-200 200-200m140.204 130.267l-22.536-22.718c-4.667-4.705-12.265-4.736-16.97-.068L215.346 303.697l-59.792-60.277c-4.667-4.705-12.265-4.736-16.97-.069l-22.719 22.536c-4.705 4.667-4.736 12.265-.068 16.971l90.781 91.516c4.667 4.705 12.265 4.736 16.97.068l172.589-171.204c4.704-4.668 4.734-12.266.067-16.971z\"><\/path><\/svg>\t\t\t\t\t\t<\/span>\n\t\t\t\t\t\t\t\t\t\t<span class=\"elementor-icon-list-text\"><b>Sinergia<\/b>: conectamos talento y partners para llegar.<\/span>\n\t\t\t\t\t\t\t\t\t<\/li>\n\t\t\t\t\t\t<\/ul>\n\t\t\t\t\t\t<\/div>\n\t\t\t\t<div class=\"elementor-element elementor-element-cbae0be elementor-invisible elementor-widget elementor-widget-text-editor\" data-id=\"cbae0be\" data-element_type=\"widget\" data-e-type=\"widget\" data-settings=\"{&quot;_animation&quot;:&quot;techwix--slide-up&quot;}\" data-widget_type=\"text-editor.default\">\n\t\t\t\t\t\t\t\t\t<p>Apostamos a relaciones de largo plazo, tanto con nuestros clientes como dentro del equipo.<\/p>\t\t\t\t\t\t\t\t<\/div>\n\t\t\t\t<\/div>\n\t\t\t\t<\/div>\n\t\t<div class=\"elementor-element elementor-element-ab1dd97 e-con-full e-flex e-con e-parent\" data-id=\"ab1dd97\" data-element_type=\"container\" data-e-type=\"container\" data-settings=\"{&quot;background_background&quot;:&quot;classic&quot;}\">\n\t\t<div class=\"elementor-element elementor-element-16ca7ee e-con-full e-flex elementor-invisible e-con e-child\" data-id=\"16ca7ee\" data-element_type=\"container\" data-e-type=\"container\" data-settings=\"{&quot;animation&quot;:&quot;slideInUp&quot;}\">\n\t\t\t\t<div class=\"elementor-element elementor-element-0f57d23 elementor-invisible elementor-widget elementor-widget-techwix-delimiter\" data-id=\"0f57d23\" data-element_type=\"widget\" data-e-type=\"widget\" data-settings=\"{&quot;_animation&quot;:&quot;techwix--slide-up&quot;}\" data-widget_type=\"techwix-delimiter.default\">\n\t\t\t\t<div class=\"elementor-widget-container\">\n\t\t\t\t\t<div class=\"delimiter-wrapper\"><div class=\"delimiter\"><\/div><\/div>\t\t\t\t<\/div>\n\t\t\t\t<\/div>\n\t\t<div class=\"elementor-element elementor-element-6cca6fe e-grid e-con-full e-con e-child\" data-id=\"6cca6fe\" data-element_type=\"container\" data-e-type=\"container\">\n\t\t\t\t<div class=\"elementor-element elementor-element-3f86ad3 elementor-invisible elementor-widget elementor-widget-custom-title-addons\" data-id=\"3f86ad3\" data-element_type=\"widget\" data-e-type=\"widget\" data-settings=\"{&quot;_animation&quot;:&quot;techwix--slide-up&quot;}\" data-widget_type=\"custom-title-addons.default\">\n\t\t\t\t<div class=\"elementor-widget-container\">\n\t\t\t\t\t<div class=\"tpc-double_heading\"><h3 class=\"dbl__title-wrapper\"><span class=\"dbl__title dbl-title_1\">\u00bfQuer\u00e9s crecer en un equipo que escucha, aprende y desarrolla soluciones reales?<\/span><\/h3><\/div>\t\t\t\t<\/div>\n\t\t\t\t<\/div>\n\t\t\t\t<div class=\"elementor-element elementor-element-97a7d0e elementor-widget elementor-widget-text-editor\" data-id=\"97a7d0e\" data-element_type=\"widget\" data-e-type=\"widget\" data-widget_type=\"text-editor.default\">\n\t\t\t\t\t\t\t\t\t<h5>Ac\u00e1 pod\u00e9s avanzar como persona, profesional y en lo econ\u00f3mico.<\/h5>\t\t\t\t\t\t\t\t<\/div>\n\t\t\t\t<\/div>\n\t\t\t\t<\/div>\n\t\t\t\t<div class=\"elementor-element elementor-element-4242f77 elementor-invisible elementor-widget elementor-widget-button\" data-id=\"4242f77\" data-element_type=\"widget\" data-e-type=\"widget\" data-settings=\"{&quot;_animation&quot;:&quot;slideInUp&quot;}\" data-widget_type=\"button.default\">\n\t\t\t\t\t\t\t\t\t\t<a class=\"elementor-button elementor-button-link elementor-size-sm\" href=\"mailto:info@idsltda.uy\">\n\t\t\t\t\t\t<span class=\"elementor-button-content-wrapper\">\n\t\t\t\t\t\t\t\t\t<span class=\"elementor-button-text\">QUIERO SUMARME AL EQUIPO<\/span>\n\t\t\t\t\t<\/span>\n\t\t\t\t\t<\/a>\n\t\t\t\t\t\t\t\t<\/div>\n\t\t\t\t<\/div>\n\t\t<div class=\"elementor-element elementor-element-e8d693e e-flex e-con-boxed e-con e-parent\" data-id=\"e8d693e\" data-element_type=\"container\" data-e-type=\"container\">\n\t\t\t\t\t<div class=\"e-con-inner\">\n\t\t\t\t<div class=\"elementor-element elementor-element-117e494 elementor-invisible elementor-widget elementor-widget-heading\" data-id=\"117e494\" data-element_type=\"widget\" data-e-type=\"widget\" data-settings=\"{&quot;_animation&quot;:&quot;slideInUp&quot;}\" data-widget_type=\"heading.default\">\n\t\t\t\t\t<h2 class=\"elementor-heading-title elementor-size-default\">\u00bfPor qu\u00e9 elegirnos?<\/h2>\t\t\t\t<\/div>\n\t\t\t\t\t<\/div>\n\t\t\t\t<\/div>\n\t\t<div class=\"elementor-element elementor-element-175523e e-flex e-con-boxed e-con e-parent\" data-id=\"175523e\" data-element_type=\"container\" data-e-type=\"container\" data-settings=\"{&quot;background_background&quot;:&quot;gradient&quot;}\">\n\t\t\t\t\t<div class=\"e-con-inner\">\n\t\t<div class=\"elementor-element elementor-element-9ce398e e-grid e-con-boxed e-con e-child\" data-id=\"9ce398e\" data-element_type=\"container\" data-e-type=\"container\">\n\t\t\t\t\t<div class=\"e-con-inner\">\n\t\t\t\t<div class=\"elementor-element elementor-element-5808bd2 elementor-invisible elementor-widget elementor-widget-techwix-service-addons\" data-id=\"5808bd2\" data-element_type=\"widget\" data-e-type=\"widget\" data-settings=\"{&quot;_animation&quot;:&quot;techwix--slide-up&quot;,&quot;_animation_delay&quot;:100}\" data-widget_type=\"techwix-service-addons.default\">\n\t\t\t\t<div class=\"elementor-widget-container\">\n\t\t\t\t\t<div class=\"techwix-service service-style-1 \"><div class=\"service-img\"><img decoding=\"async\" src=\"https:\/\/idsltda.uy\/wp-content\/uploads\/2026\/03\/ChatGPT-Image-17-mar-2026-03_43_32-p.m.jpg\" title=\"ChatGPT Image 17 mar 2026, 03_43_32 p.m.\" alt=\"ChatGPT Image 17 mar 2026, 03_43_32 p.m.\" loading=\"lazy\" \/><\/div><div class=\"service-content\"><h3 class=\"service-title\"><a href=\"\/infraestructura\"  >Amplia experiencia en gesti\u00f3n IT<\/a><\/h3><\/div><\/div>\t\t\t\t<\/div>\n\t\t\t\t<\/div>\n\t\t\t\t<div class=\"elementor-element elementor-element-d4055f1 elementor-invisible elementor-widget elementor-widget-techwix-service-addons\" data-id=\"d4055f1\" data-element_type=\"widget\" data-e-type=\"widget\" data-settings=\"{&quot;_animation&quot;:&quot;techwix--slide-up&quot;,&quot;_animation_delay&quot;:100}\" data-widget_type=\"techwix-service-addons.default\">\n\t\t\t\t<div class=\"elementor-widget-container\">\n\t\t\t\t\t<div class=\"techwix-service service-style-1 \"><div class=\"service-img\"><img decoding=\"async\" src=\"https:\/\/idsltda.uy\/wp-content\/uploads\/2026\/03\/ChatGPT-Image-17-mar-2026-03_46_49-p.m.jpg\" title=\"ChatGPT Image 17 mar 2026, 03_46_49 p.m.\" alt=\"ChatGPT Image 17 mar 2026, 03_46_49 p.m.\" loading=\"lazy\" \/><\/div><div class=\"service-content\"><h3 class=\"service-title\"><a href=\"\/biometria-y-seguridad\"  >Compromiso con la transparencia<\/a><\/h3><\/div><\/div>\t\t\t\t<\/div>\n\t\t\t\t<\/div>\n\t\t\t\t<div class=\"elementor-element elementor-element-00ae469 elementor-invisible elementor-widget elementor-widget-techwix-service-addons\" data-id=\"00ae469\" data-element_type=\"widget\" data-e-type=\"widget\" data-settings=\"{&quot;_animation&quot;:&quot;techwix--slide-up&quot;,&quot;_animation_delay&quot;:100}\" data-widget_type=\"techwix-service-addons.default\">\n\t\t\t\t<div class=\"elementor-widget-container\">\n\t\t\t\t\t<div class=\"techwix-service service-style-1 \"><div class=\"service-img\"><img decoding=\"async\" src=\"https:\/\/idsltda.uy\/wp-content\/uploads\/2026\/03\/ChatGPT-Image-17-mar-2026-03_43_39-p.m.jpg\" title=\"ChatGPT Image 17 mar 2026, 03_43_39 p.m.\" alt=\"ChatGPT Image 17 mar 2026, 03_43_39 p.m.\" loading=\"lazy\" \/><\/div><div class=\"service-content\"><h3 class=\"service-title\"><a href=\"\/automatizacion\"  >Visi\u00f3n estrategia con acompa\u00f1amiento real<\/a><\/h3><\/div><\/div>\t\t\t\t<\/div>\n\t\t\t\t<\/div>\n\t\t\t\t<div class=\"elementor-element elementor-element-4cc087d elementor-invisible elementor-widget elementor-widget-techwix-service-addons\" data-id=\"4cc087d\" data-element_type=\"widget\" data-e-type=\"widget\" data-settings=\"{&quot;_animation&quot;:&quot;techwix--slide-up&quot;,&quot;_animation_delay&quot;:100}\" data-widget_type=\"techwix-service-addons.default\">\n\t\t\t\t<div class=\"elementor-widget-container\">\n\t\t\t\t\t<div class=\"techwix-service service-style-1 \"><div class=\"service-img\"><img decoding=\"async\" src=\"https:\/\/idsltda.uy\/wp-content\/uploads\/2026\/03\/ChatGPT-Image-17-mar-2026-03_43_43-p.m.jpg\" title=\"ChatGPT Image 17 mar 2026, 03_43_43 p.m.\" alt=\"ChatGPT Image 17 mar 2026, 03_43_43 p.m.\" loading=\"lazy\" \/><\/div><div class=\"service-content\"><h3 class=\"service-title\"><a href=\"\/servicios-gestionados\"  >Cercan\u00eda y confianza<\/a><\/h3><\/div><\/div>\t\t\t\t<\/div>\n\t\t\t\t<\/div>\n\t\t\t\t\t<\/div>\n\t\t\t\t<\/div>\n\t\t\t\t\t<\/div>\n\t\t\t\t<\/div>\n\t\t\t\t<\/div>\n\t\t","protected":false},"excerpt":{"rendered":"<p>El talento humano es lo que impulsa la tecnolog\u00eda. QUI\u00c9NES SOMOS Somos un equipo que combina compromiso real con nuestros clientes pasi\u00f3n y experiencia t\u00e9cnica para crear soluciones tecnol\u00f3gicas que funcionen. Nuestro diferencial est\u00e1 en c\u00f3mo lo hacemos: escuchamos, proponemos y caminamos junto al cliente en cada etapa del proyecto. 100+EMPRESAS CLIENTES 5000+USUARIOS SOPORTADOS EQUIPO&#8230;<\/p>\n","protected":false},"author":1,"featured_media":0,"parent":0,"menu_order":0,"comment_status":"closed","ping_status":"closed","template":"","meta":{"footnotes":""},"class_list":["post-29","page","type-page","status-publish","hentry"],"_links":{"self":[{"href":"https:\/\/idsltda.uy\/index.php\/wp-json\/wp\/v2\/pages\/29","targetHints":{"allow":["GET"]}}],"collection":[{"href":"https:\/\/idsltda.uy\/index.php\/wp-json\/wp\/v2\/pages"}],"about":[{"href":"https:\/\/idsltda.uy\/index.php\/wp-json\/wp\/v2\/types\/page"}],"author":[{"embeddable":true,"href":"https:\/\/idsltda.uy\/index.php\/wp-json\/wp\/v2\/users\/1"}],"replies":[{"embeddable":true,"href":"https:\/\/idsltda.uy\/index.php\/wp-json\/wp\/v2\/comments?post=29"}],"version-history":[{"count":19,"href":"https:\/\/idsltda.uy\/index.php\/wp-json\/wp\/v2\/pages\/29\/revisions"}],"predecessor-version":[{"id":547,"href":"https:\/\/idsltda.uy\/index.php\/wp-json\/wp\/v2\/pages\/29\/revisions\/547"}],"wp:attachment":[{"href":"https:\/\/idsltda.uy\/index.php\/wp-json\/wp\/v2\/media?parent=29"}],"curies":[{"name":"wp","href":"https:\/\/api.w.org\/{rel}","templated":true}]}}