{"id":23,"date":"2026-03-16T13:29:19","date_gmt":"2026-03-16T16:29:19","guid":{"rendered":"https:\/\/idsltda.uy\/?page_id=23"},"modified":"2026-03-20T16:06:09","modified_gmt":"2026-03-20T19:06:09","slug":"soluciones-y-servicios","status":"publish","type":"page","link":"https:\/\/idsltda.uy\/index.php\/soluciones-y-servicios","title":{"rendered":"Soluciones y Servicios"},"content":{"rendered":"\t\t<div data-elementor-type=\"wp-page\" data-elementor-id=\"23\" class=\"elementor elementor-23\">\n\t\t\t\t<div class=\"elementor-element elementor-element-339f95a e-grid e-con-boxed e-con e-parent\" data-id=\"339f95a\" data-element_type=\"container\" data-e-type=\"container\">\n\t\t\t\t\t<div class=\"e-con-inner\">\n\t\t\t\t<div class=\"elementor-element elementor-element-36962ec elementor-invisible elementor-widget elementor-widget-techwix-service-addons\" data-id=\"36962ec\" data-element_type=\"widget\" data-e-type=\"widget\" data-settings=\"{&quot;_animation&quot;:&quot;slideInUp&quot;}\" data-widget_type=\"techwix-service-addons.default\">\n\t\t\t\t<div class=\"elementor-widget-container\">\n\t\t\t\t\t<div class=\"techwix-service service-style-1 \"><div class=\"service-img\"><img decoding=\"async\" src=\"https:\/\/idsltda.uy\/wp-content\/uploads\/2026\/03\/desktop_cloud_stack_51dp_A51717_FILL0_wght400_GRAD0_opsz48.png\" title=\"desktop_cloud_stack_51dp_A51717_FILL0_wght400_GRAD0_opsz48\" alt=\"desktop_cloud_stack_51dp_A51717_FILL0_wght400_GRAD0_opsz48\" loading=\"lazy\" \/><\/div><div class=\"service-content\"><h3 class=\"service-title\"><a href=\"\/infraestructura\"  >Infraestructura y Cloud<\/a><\/h3><p class=\"description\">Aseguramos el crecimiento de tu empresa con infraestructura tecnol\u00f3gica robusta, flexible y lista para escalar<\/p><div class=\"read-more\"><a href=\"\/infraestructura\"  ><i class=\"flaticon-plus-sign\"><\/i> Leer m\u00e1s<\/a><\/div><\/div><\/div>\t\t\t\t<\/div>\n\t\t\t\t<\/div>\n\t\t\t\t<div class=\"elementor-element elementor-element-6ac414a elementor-invisible elementor-widget elementor-widget-techwix-service-addons\" data-id=\"6ac414a\" data-element_type=\"widget\" data-e-type=\"widget\" data-settings=\"{&quot;_animation&quot;:&quot;slideInUp&quot;}\" data-widget_type=\"techwix-service-addons.default\">\n\t\t\t\t<div class=\"elementor-widget-container\">\n\t\t\t\t\t<div class=\"techwix-service service-style-1 \"><div class=\"service-img\"><img decoding=\"async\" src=\"https:\/\/idsltda.uy\/wp-content\/uploads\/2026\/03\/shield_lock_51dp_A51717_FILL0_wght400_GRAD0_opsz48.png\" title=\"shield_lock_51dp_A51717_FILL0_wght400_GRAD0_opsz48\" alt=\"shield_lock_51dp_A51717_FILL0_wght400_GRAD0_opsz48\" loading=\"lazy\" \/><\/div><div class=\"service-content\"><h3 class=\"service-title\"><a href=\"\/ibiometria-y-seguridad\"  >Biometr\u00eda y Seguridad<\/a><\/h3><p class=\"description\">Protege tu informaci\u00f3n y mejora la experiencia de autenticaci\u00f3n con tecnolog\u00eda biom\u00e9trica de ultima generaci\u00f3n.<\/p><div class=\"read-more\"><a href=\"\/ibiometria-y-seguridad\"  ><i class=\"flaticon-plus-sign\"><\/i> Leer m\u00e1s<\/a><\/div><\/div><\/div>\t\t\t\t<\/div>\n\t\t\t\t<\/div>\n\t\t\t\t<div class=\"elementor-element elementor-element-4540eea elementor-invisible elementor-widget elementor-widget-techwix-service-addons\" data-id=\"4540eea\" data-element_type=\"widget\" data-e-type=\"widget\" data-settings=\"{&quot;_animation&quot;:&quot;slideInUp&quot;}\" data-widget_type=\"techwix-service-addons.default\">\n\t\t\t\t<div class=\"elementor-widget-container\">\n\t\t\t\t\t<div class=\"techwix-service service-style-1 \"><div class=\"service-img\"><img decoding=\"async\" src=\"https:\/\/idsltda.uy\/wp-content\/uploads\/2026\/03\/precision_manufacturing_51dp_A51717_FILL0_wght400_GRAD0_opsz48.png\" title=\"precision_manufacturing_51dp_A51717_FILL0_wght400_GRAD0_opsz48\" alt=\"precision_manufacturing_51dp_A51717_FILL0_wght400_GRAD0_opsz48\" loading=\"lazy\" \/><\/div><div class=\"service-content\"><h3 class=\"service-title\"><a href=\"\/iautomatizacion\"  >Automatizaci\u00f3n<\/a><\/h3><p class=\"description\">Libera tus equipos de tareas repetitivas y gana en eficiencia.<\/p><div class=\"read-more\"><a href=\"\/iautomatizacion\"  ><i class=\"flaticon-plus-sign\"><\/i> Leer m\u00e1s<\/a><\/div><\/div><\/div>\t\t\t\t<\/div>\n\t\t\t\t<\/div>\n\t\t\t\t<div class=\"elementor-element elementor-element-675d20c elementor-invisible elementor-widget elementor-widget-techwix-service-addons\" data-id=\"675d20c\" data-element_type=\"widget\" data-e-type=\"widget\" data-settings=\"{&quot;_animation&quot;:&quot;slideInUp&quot;}\" data-widget_type=\"techwix-service-addons.default\">\n\t\t\t\t<div class=\"elementor-widget-container\">\n\t\t\t\t\t<div class=\"techwix-service service-style-1 \"><div class=\"service-img\"><img decoding=\"async\" src=\"https:\/\/idsltda.uy\/wp-content\/uploads\/2026\/03\/subtitles_gear_51dp_A51717_FILL0_wght400_GRAD0_opsz48.png\" title=\"subtitles_gear_51dp_A51717_FILL0_wght400_GRAD0_opsz48\" alt=\"subtitles_gear_51dp_A51717_FILL0_wght400_GRAD0_opsz48\" loading=\"lazy\" \/><\/div><div class=\"service-content\"><h3 class=\"service-title\"><a href=\"\/servicios-gestionados\"  >Servicios gestionados<\/a><\/h3><p class=\"description\">Entendemos tu capacidad operativa con tecnolog\u00eda que funciona, sin que tengas que ocuparte <\/p><div class=\"read-more\"><a href=\"\/servicios-gestionados\"  ><i class=\"flaticon-plus-sign\"><\/i> Leer m\u00e1s<\/a><\/div><\/div><\/div>\t\t\t\t<\/div>\n\t\t\t\t<\/div>\n\t\t\t\t<div class=\"elementor-element elementor-element-d561af3 elementor-invisible elementor-widget elementor-widget-techwix-service-addons\" data-id=\"d561af3\" data-element_type=\"widget\" data-e-type=\"widget\" data-settings=\"{&quot;_animation&quot;:&quot;slideInUp&quot;}\" data-widget_type=\"techwix-service-addons.default\">\n\t\t\t\t<div class=\"elementor-widget-container\">\n\t\t\t\t\t<div class=\"techwix-service service-style-1 \"><div class=\"service-img\"><img decoding=\"async\" src=\"https:\/\/idsltda.uy\/wp-content\/uploads\/2026\/03\/diversity_3_51dp_A51717_FILL0_wght400_GRAD0_opsz48.png\" title=\"diversity_3_51dp_A51717_FILL0_wght400_GRAD0_opsz48\" alt=\"diversity_3_51dp_A51717_FILL0_wght400_GRAD0_opsz48\" loading=\"lazy\" \/><\/div><div class=\"service-content\"><h3 class=\"service-title\"><a href=\"\/plataformas-colaborativas\"  >Plataformas Colaborativas<\/a><\/h3><p class=\"description\">Transforma la forma en que tu equipo colabora, decide y crece con Microsoft 365.<\/p><div class=\"read-more\"><a href=\"\/plataformas-colaborativas\"  ><i class=\"flaticon-plus-sign\"><\/i> Leer m\u00e1s<\/a><\/div><\/div><\/div>\t\t\t\t<\/div>\n\t\t\t\t<\/div>\n\t\t\t\t\t<\/div>\n\t\t\t\t<\/div>\n\t\t\t\t<\/div>\n\t\t","protected":false},"excerpt":{"rendered":"<p>Infraestructura y Cloud Aseguramos el crecimiento de tu empresa con infraestructura tecnol\u00f3gica robusta, flexible y lista para escalar Leer m\u00e1s Biometr\u00eda y Seguridad Protege tu informaci\u00f3n y mejora la experiencia de autenticaci\u00f3n con tecnolog\u00eda biom\u00e9trica de ultima generaci\u00f3n. Leer m\u00e1s Automatizaci\u00f3n Libera tus equipos de tareas repetitivas y gana en eficiencia. Leer m\u00e1s Servicios gestionados&#8230;<\/p>\n","protected":false},"author":1,"featured_media":0,"parent":0,"menu_order":0,"comment_status":"closed","ping_status":"closed","template":"","meta":{"footnotes":""},"class_list":["post-23","page","type-page","status-publish","hentry"],"_links":{"self":[{"href":"https:\/\/idsltda.uy\/index.php\/wp-json\/wp\/v2\/pages\/23","targetHints":{"allow":["GET"]}}],"collection":[{"href":"https:\/\/idsltda.uy\/index.php\/wp-json\/wp\/v2\/pages"}],"about":[{"href":"https:\/\/idsltda.uy\/index.php\/wp-json\/wp\/v2\/types\/page"}],"author":[{"embeddable":true,"href":"https:\/\/idsltda.uy\/index.php\/wp-json\/wp\/v2\/users\/1"}],"replies":[{"embeddable":true,"href":"https:\/\/idsltda.uy\/index.php\/wp-json\/wp\/v2\/comments?post=23"}],"version-history":[{"count":4,"href":"https:\/\/idsltda.uy\/index.php\/wp-json\/wp\/v2\/pages\/23\/revisions"}],"predecessor-version":[{"id":393,"href":"https:\/\/idsltda.uy\/index.php\/wp-json\/wp\/v2\/pages\/23\/revisions\/393"}],"wp:attachment":[{"href":"https:\/\/idsltda.uy\/index.php\/wp-json\/wp\/v2\/media?parent=23"}],"curies":[{"name":"wp","href":"https:\/\/api.w.org\/{rel}","templated":true}]}}